{"id":19,"date":"2014-05-14T15:37:55","date_gmt":"2014-05-14T13:37:55","guid":{"rendered":"https:\/\/www.reduzierrohre.de\/?page_id=19"},"modified":"2019-11-26T12:49:33","modified_gmt":"2019-11-26T10:49:33","slug":"reduzierrohre","status":"publish","type":"page","link":"https:\/\/www.reduzierrohre.de\/nl\/reduzierrohre\/","title":{"rendered":"Spindelverloopbuizen"},"content":{"rendered":"\n<div class=\"wp-block-impuls-additional-containers-section  center has-no-text-color has-no-background-color has-no-background-image\" style=\"background-image:none\"><div class=\"InnerContent\">\n<h2 style=\"text-align:center\">Waarom een verloopbuis?<\/h2>\n\n\n\n<div class=\"wp-block-columns has-2-columns\">\n<div class=\"wp-block-column\">\n<p>Ongeleid stafmateriaal en ongeleide stafeinden in de spindelboring van de betreffende CNC-draaibank leiden tot onbalans en trillingen, die een verslechtering van het materiaaloppervlak, maatonnauwkeurigheden en verslechterde werkstukspanning tot gevolg hebben. Ook de spindellagers hebben daar aanzienlijk door te lijden. Ter voorkoming van onbalans of trillingen moet de spindeldoorgang van de machine worden aangepast aan de gebruikte materiaaldiameter. <\/p>\n<\/div>\n\n\n\n<div class=\"wp-block-column\">\n<p>Dit kan worden bereikt door verloopbuizen (ook geleidingsbuizen, FZ-buizen of spindelinzetbuizen genoemd) te gebruiken. <\/p>\n\n\n\n<p>Met deze geleidingsbuizen kan de spindelboring van de CNC-draaibank flexibel in stappen van \u00e9\u00e9n millimeter, tot \u00d8\u00a050\u00a0mm deels ook in stappen van 0,5\u00a0mm, worden aangepast.<\/p>\n<\/div>\n<\/div>\n\n\n\n<h2 style=\"text-align:center\">Vergelijking met en zonder verloopbuis<\/h2>\n\n\n\n<figure class=\"wp-block-image is-resized\"><img loading=\"lazy\" src=\"https:\/\/www.reduzierrohre.de\/wp-content\/uploads\/2019\/04\/Animation-Entwurf-1-ohne-Labels.gif\" alt=\"\" class=\"wp-image-1016\" width=\"1114\" height=\"397\"\/><\/figure>\n\n\n\n<h2 style=\"text-align:center\">Toepassingsgebied<\/h2>\n\n\n\n<p>Wij produceren verloopbuizen voor machines van onder andere de volgende fabrikanten:<\/p>\n\n\n\n<div class=\"wp-block-columns has-3-columns\">\n<div class=\"wp-block-column\">\n<ul><li><span class=\"list\">Benzinger<\/span><\/li><li><span class=\"list\">Berggie\u00dfh\u00fcbel<\/span><\/li><li><span class=\"list\">Biglia<\/span><\/li><li>CMZ<\/li><li>Doosan<\/li><li><span class=\"list\">DMG<\/span><\/li><li>Emco<\/li><li><span class=\"list\">Ergomat<\/span><\/li><li>Feeler<\/li><li><span class=\"list\">Gildemeister<\/span><\/li><li>Feeler<\/li><li>Goodman<\/li><li>Graziano<\/li><li> Hardinge  <\/li><\/ul>\n<\/div>\n\n\n\n<div class=\"wp-block-column\">\n<ul><li>Headman  <\/li><li>Hyundai<\/li><li>Hurco<\/li><li>Hwacheon<\/li><li><span class=\"list\">Index<\/span><\/li><li>Kern<\/li><li><span class=\"list\">Leadwell<\/span><\/li><li><span class=\"list\">Lico<\/span><\/li><li>LNS<\/li><li><span class=\"list\">Mazak<\/span><\/li><li><span class=\"list\">Mori Seiki<\/span><\/li><li>M\u00fcga<\/li><li>Nakamura<\/li><li>Okuma<\/li><\/ul>\n<\/div>\n\n\n\n<div class=\"wp-block-column\">\n<ul><li>Promax <\/li><li>Saeilo <\/li><li><span class=\"list\">Seiger<\/span><\/li><li>SMEC<\/li><li><span class=\"list\">Spinner<\/span><\/li><li><span class=\"list\">Stama<\/span><\/li><li>Style<\/li><li><span class=\"list\">Takamaz<\/span><\/li><li>Takisawa<\/li><li><span class=\"list\">Traub<\/span><\/li><li>Weiler<\/li><li><span class=\"list\">etc.<\/span><\/li><\/ul>\n\n\n\n<p><\/p>\n<\/div>\n<\/div>\n\n\n\n<p><a href=\"https:\/\/www.reduzierrohre.de\/nl\/reduzierrohre\/unser-sortiment\/\">Hier <\/a>vindt u ons complete assortiment.<\/p>\n<\/div><\/div>\n\n\n\n<p><\/p>\n","protected":false},"excerpt":{"rendered":"","protected":false},"author":1,"featured_media":0,"parent":0,"menu_order":20,"comment_status":"closed","ping_status":"open","template":"","meta":[],"_links":{"self":[{"href":"https:\/\/www.reduzierrohre.de\/nl\/wp-json\/wp\/v2\/pages\/19"}],"collection":[{"href":"https:\/\/www.reduzierrohre.de\/nl\/wp-json\/wp\/v2\/pages"}],"about":[{"href":"https:\/\/www.reduzierrohre.de\/nl\/wp-json\/wp\/v2\/types\/page"}],"author":[{"embeddable":true,"href":"https:\/\/www.reduzierrohre.de\/nl\/wp-json\/wp\/v2\/users\/1"}],"replies":[{"embeddable":true,"href":"https:\/\/www.reduzierrohre.de\/nl\/wp-json\/wp\/v2\/comments?post=19"}],"version-history":[{"count":101,"href":"https:\/\/www.reduzierrohre.de\/nl\/wp-json\/wp\/v2\/pages\/19\/revisions"}],"predecessor-version":[{"id":1315,"href":"https:\/\/www.reduzierrohre.de\/nl\/wp-json\/wp\/v2\/pages\/19\/revisions\/1315"}],"wp:attachment":[{"href":"https:\/\/www.reduzierrohre.de\/nl\/wp-json\/wp\/v2\/media?parent=19"}],"curies":[{"name":"wp","href":"https:\/\/api.w.org\/{rel}","templated":true}]}}