{"id":28,"date":"2014-05-15T15:06:16","date_gmt":"2014-05-15T13:06:16","guid":{"rendered":"https:\/\/www.reduzierrohre.de\/?page_id=28"},"modified":"2019-11-26T12:29:54","modified_gmt":"2019-11-26T10:29:54","slug":"home","status":"publish","type":"page","link":"https:\/\/www.reduzierrohre.de\/it\/","title":{"rendered":"Benvenuta!"},"content":{"rendered":"\n<figure class=\"wp-block-image alignwide\"><img loading=\"lazy\" width=\"1853\" height=\"744\" src=\"https:\/\/www.reduzierrohre.de\/wp-content\/uploads\/2019\/04\/Vorschau.jpg\" alt=\"\" class=\"wp-image-1061\" srcset=\"https:\/\/www.reduzierrohre.de\/wp-content\/uploads\/2019\/04\/Vorschau.jpg 1853w, https:\/\/www.reduzierrohre.de\/wp-content\/uploads\/2019\/04\/Vorschau-300x120.jpg 300w, https:\/\/www.reduzierrohre.de\/wp-content\/uploads\/2019\/04\/Vorschau-768x308.jpg 768w, https:\/\/www.reduzierrohre.de\/wp-content\/uploads\/2019\/04\/Vorschau-1024x411.jpg 1024w\" sizes=\"(max-width: 1853px) 100vw, 1853px\" \/><\/figure>\n\n\n\n<div class=\"wp-block-impuls-additional-containers-section  has-no-text-color has-light-gray-background-color has-background-color has-no-background-image\" style=\"background-image:none\"><div class=\"InnerContent\">\n<div class=\"wp-block-media-text alignwide\"><figure class=\"wp-block-media-text__media\"><img loading=\"lazy\" width=\"381\" height=\"168\" src=\"https:\/\/www.reduzierrohre.de\/wp-content\/uploads\/2019\/03\/Qualitaet.png\" alt=\"\" class=\"wp-image-455\" srcset=\"https:\/\/www.reduzierrohre.de\/wp-content\/uploads\/2019\/03\/Qualitaet.png 381w, https:\/\/www.reduzierrohre.de\/wp-content\/uploads\/2019\/03\/Qualitaet-300x132.png 300w\" sizes=\"(max-width: 381px) 100vw, 381px\" \/><\/figure><div class=\"wp-block-media-text__content\">\n<h3><strong>Qualit\u00e0 dal 1994<\/strong><\/h3>\n\n\n\n<p>Il marchio redu tools \u00e8 stato creato nel 2014 dalla societ\u00e0 Grumbach Maschinenteile GmbH ed \u00e8 specializzato in riduzioni per mandrino destinate ai torni CNC.<\/p>\n\n\n\n<p>Incrementate la produttivit\u00e0 delle vostre macchine utensili grazie a precisione superiore, usura ridotta e tempi di produzione pi\u00f9 brevi con i nostri tubi guida realizzati su misura.<\/p>\n<\/div><\/div>\n\n\n\n<p><\/p>\n<\/div><\/div>\n\n\n\n<div class=\"wp-block-impuls-additional-containers-section  has-no-text-color has-white-background-color has-background-color has-no-background-image\" style=\"background-image:none\"><div class=\"InnerContent\">\n<div class=\"wp-block-columns has-3-columns spalte-startseite\">\n<div class=\"wp-block-column\">\n<a href=\"https:\/\/www.reduzierrohre.de\/it\/reduzierrohre\/\"><i class=\"icon-reduzierrohre\"><\/i><\/a>\n\n\n\n<h3 style=\"text-align:center\"><strong>Tubi di riduzione<\/strong><\/h3>\n\n\n\n<p style=\"text-align:center\">Utilizzando tubi di riduzione si ottiene maggiore stabilit\u00e0 nella lavorazione del materiale in barre sui torni CNC.<\/p>\n\n\n\n<p style=\"text-align:center\"><a href=\"https:\/\/www.reduzierrohre.de\/it\/reduzierrohre\/\">Pi\u00f9 informazioni<\/a><\/p>\n<\/div>\n\n\n\n<div class=\"wp-block-column\">\n<a href=\"https:\/\/www.reduzierrohre.de\/it\/konfigurator\/\"><i class=\"icon-konfigurator\"><\/i><\/a>\n\n\n\n<h3 style=\"text-align:center\"><strong>Configuratore<\/strong><\/h3>\n\n\n\n<p style=\"text-align:center\">Il nostro configuratore consente di individuare in cinque semplici passaggi il tubo necessario per il vostro tornio CNC.<\/p>\n\n\n\n<p style=\"text-align:center\"><a href=\"https:\/\/www.reduzierrohre.de\/it\/konfigurator\/\">Pi\u00f9 informazioni<\/a><\/p>\n<\/div>\n\n\n\n<div class=\"wp-block-column\">\n<a href=\"https:\/\/www.reduzierrohre.de\/it\/vorteile\/\"><i class=\"icon-vorteile\"><\/i><\/a>\n\n\n\n<h3 style=\"text-align:center\"><strong>Vantaggi<\/strong><\/h3>\n\n\n\n<p style=\"text-align:center\">redu tools acquista le materie prime necessarie in grandi quantitativi. Tutti i processi produttivi sono incentrati sulle riduzioni per mandrino.<\/p>\n\n\n\n<p style=\"text-align:center\"><a href=\"https:\/\/www.reduzierrohre.de\/it\/vorteile\/\">Pi\u00f9 informazioni<\/a><\/p>\n<\/div>\n<\/div>\n<\/div><\/div>\n\n\n\n<div class=\"wp-block-impuls-additional-containers-section  background-image-size-cover has-white-text-color has-text-color has-no-background-color has-background-image quote\" style=\"background-image:url(https:\/\/www.reduzierrohre.de\/wp-content\/uploads\/2019\/05\/Zitat_Hintergrund.png)\"><div class=\"InnerContent\">\n<blockquote class=\"home-zitat-blockquote\"><p><strong>\u201eI prodotti redu tools offrono molti vantaggi, consentendo di incrementare sensibilmente la produttivit\u00e0 delle macchine e la qualit\u00e0 dei pezzi realizzati al tornio.\u201c<\/strong><\/p><cite>&#8211; J\u00f6rg Grumbach, amministratore delegato<\/cite><\/blockquote>\n\n\n\n<p><\/p>\n<\/div><\/div>\n\n\n\n<div class=\"wp-block-impuls-additional-containers-section  has-no-text-color has-no-background-color has-no-background-image kunden-rezension\" style=\"background-image:none\"><div class=\"InnerContent\"><div class=\"wrapper-wrapper\" id=\"tabs\">\n                <ul>\n                    <li> <a id=\"kunden-button\" href=\"#kunden\"><span>Clienti<\/span><\/a><\/li>\n                    <li> <a id=\"rezension-button\" href=\"#rezension\" class=\"inactive\"><span>Recensioni<\/span><\/a><\/li>\n                <\/ul><div class=\"home-kunde-wrapper\" id=\"kunden\"><div class=\"kunde-wrapper\" ><a target=\"_blank\" href=\"#rezension\" data-slide=\"1\" tabindex=\"0\"><img width=\"170\" height=\"170\" src=\"https:\/\/www.reduzierrohre.de\/wp-content\/uploads\/2019\/05\/warten-170x170.gif\" data-imagesrc=\"https:\/\/www.reduzierrohre.de\/wp-content\/uploads\/2019\/04\/acla_170.png\" class=\"lzee attachment-post-thumbnail switch-to-rezension size-post-thumbnail switch-to-rezension wp-post-image\" alt=\"985\" loading=\"lazy\" \/><\/a><\/div><div class=\"kunde-wrapper\" ><a target=\"_blank\" href=\"#rezension\" data-slide=\"2\" tabindex=\"0\"><img width=\"170\" height=\"170\" src=\"https:\/\/www.reduzierrohre.de\/wp-content\/uploads\/2019\/05\/warten-170x170.gif\" data-imagesrc=\"https:\/\/www.reduzierrohre.de\/wp-content\/uploads\/2019\/04\/aquasant.jpg\" class=\"lzee attachment-post-thumbnail switch-to-rezension size-post-thumbnail switch-to-rezension wp-post-image\" alt=\"945\" loading=\"lazy\" \/><\/a><\/div><div class=\"kunde-wrapper\" ><a target=\"_blank\" href=\"#rezension\" data-slide=\"3\" tabindex=\"0\"><img width=\"170\" height=\"170\" src=\"https:\/\/www.reduzierrohre.de\/wp-content\/uploads\/2019\/05\/warten-170x170.gif\" data-imagesrc=\"https:\/\/www.reduzierrohre.de\/wp-content\/uploads\/2019\/04\/berg.png\" class=\"lzee attachment-post-thumbnail switch-to-rezension size-post-thumbnail switch-to-rezension wp-post-image\" alt=\"950\" loading=\"lazy\" \/><\/a><\/div><div class=\"kunde-wrapper\" ><a target=\"_blank\" href=\"#rezension\" data-slide=\"4\" tabindex=\"0\"><img width=\"170\" height=\"170\" src=\"https:\/\/www.reduzierrohre.de\/wp-content\/uploads\/2019\/05\/warten-170x170.gif\" data-imagesrc=\"https:\/\/www.reduzierrohre.de\/wp-content\/uploads\/2019\/05\/Boellhoff170.png\" class=\"lzee attachment-post-thumbnail switch-to-rezension size-post-thumbnail switch-to-rezension wp-post-image\" alt=\"1152\" loading=\"lazy\" \/><\/a><\/div><div class=\"kunde-wrapper\" ><a target=\"_blank\" href=\"#rezension\" data-slide=\"5\" tabindex=\"0\"><img width=\"170\" height=\"170\" src=\"https:\/\/www.reduzierrohre.de\/wp-content\/uploads\/2019\/05\/warten-170x170.gif\" data-imagesrc=\"https:\/\/www.reduzierrohre.de\/wp-content\/uploads\/2019\/04\/Borba.jpg\" class=\"lzee attachment-post-thumbnail switch-to-rezension size-post-thumbnail switch-to-rezension wp-post-image\" alt=\"954\" loading=\"lazy\" \/><\/a><\/div><div class=\"kunde-wrapper\" ><a target=\"_blank\" href=\"#rezension\" data-slide=\"6\" tabindex=\"0\"><img width=\"170\" height=\"170\" src=\"https:\/\/www.reduzierrohre.de\/wp-content\/uploads\/2019\/05\/warten-170x170.gif\" data-imagesrc=\"https:\/\/www.reduzierrohre.de\/wp-content\/uploads\/2019\/04\/da170-1.png\" class=\"lzee attachment-post-thumbnail switch-to-rezension size-post-thumbnail switch-to-rezension wp-post-image\" alt=\"976\" loading=\"lazy\" \/><\/a><\/div><div class=\"kunde-wrapper\" ><a target=\"_blank\" href=\"#rezension\" data-slide=\"7\" tabindex=\"0\"><img width=\"170\" height=\"170\" src=\"https:\/\/www.reduzierrohre.de\/wp-content\/uploads\/2019\/05\/warten-170x170.gif\" data-imagesrc=\"https:\/\/www.reduzierrohre.de\/wp-content\/uploads\/2019\/04\/foltas.png\" class=\"lzee attachment-post-thumbnail switch-to-rezension size-post-thumbnail switch-to-rezension wp-post-image\" alt=\"957\" loading=\"lazy\" \/><\/a><\/div><div class=\"kunde-wrapper\" ><a target=\"_blank\" href=\"#rezension\" data-slide=\"8\" tabindex=\"0\"><img width=\"170\" height=\"170\" src=\"https:\/\/www.reduzierrohre.de\/wp-content\/uploads\/2019\/05\/warten-170x170.gif\" data-imagesrc=\"https:\/\/www.reduzierrohre.de\/wp-content\/uploads\/2019\/04\/fosch.jpg\" class=\"lzee attachment-post-thumbnail switch-to-rezension size-post-thumbnail switch-to-rezension wp-post-image\" alt=\"959\" loading=\"lazy\" \/><\/a><\/div><div class=\"kunde-wrapper\" ><a target=\"_blank\" href=\"#rezension\" data-slide=\"9\" tabindex=\"0\"><img width=\"170\" height=\"170\" src=\"https:\/\/www.reduzierrohre.de\/wp-content\/uploads\/2019\/05\/warten-170x170.gif\" data-imagesrc=\"https:\/\/www.reduzierrohre.de\/wp-content\/uploads\/2019\/04\/Heidelberg_170.png\" class=\"lzee attachment-post-thumbnail switch-to-rezension size-post-thumbnail switch-to-rezension wp-post-image\" alt=\"961\" loading=\"lazy\" \/><\/a><\/div><div class=\"kunde-wrapper\" ><a target=\"_blank\" href=\"#rezension\" data-slide=\"10\" tabindex=\"0\"><img width=\"170\" height=\"170\" src=\"https:\/\/www.reduzierrohre.de\/wp-content\/uploads\/2019\/05\/warten-170x170.gif\" data-imagesrc=\"https:\/\/www.reduzierrohre.de\/wp-content\/uploads\/2019\/05\/LS170.png\" class=\"lzee attachment-post-thumbnail switch-to-rezension size-post-thumbnail switch-to-rezension wp-post-image\" alt=\"1150\" loading=\"lazy\" \/><\/a><\/div><div class=\"kunde-wrapper\" ><a target=\"_blank\" href=\"#rezension\" data-slide=\"11\" tabindex=\"0\"><img width=\"170\" height=\"170\" src=\"https:\/\/www.reduzierrohre.de\/wp-content\/uploads\/2019\/05\/warten-170x170.gif\" data-imagesrc=\"https:\/\/www.reduzierrohre.de\/wp-content\/uploads\/2019\/04\/scat.jpg\" class=\"lzee attachment-post-thumbnail switch-to-rezension size-post-thumbnail switch-to-rezension wp-post-image\" alt=\"963\" loading=\"lazy\" \/><\/a><\/div><div class=\"kunde-wrapper\" ><a target=\"_blank\" href=\"#rezension\" data-slide=\"12\" tabindex=\"0\"><img width=\"170\" height=\"170\" src=\"https:\/\/www.reduzierrohre.de\/wp-content\/uploads\/2019\/05\/warten-170x170.gif\" data-imagesrc=\"https:\/\/www.reduzierrohre.de\/wp-content\/uploads\/2019\/04\/seiger.jpg\" class=\"lzee attachment-post-thumbnail switch-to-rezension size-post-thumbnail switch-to-rezension wp-post-image\" alt=\"965\" loading=\"lazy\" \/><\/a><\/div><div class=\"kunde-wrapper\" ><a target=\"_blank\" href=\"#rezension\" data-slide=\"13\" tabindex=\"0\"><img width=\"170\" height=\"170\" src=\"https:\/\/www.reduzierrohre.de\/wp-content\/uploads\/2019\/05\/warten-170x170.gif\" data-imagesrc=\"https:\/\/www.reduzierrohre.de\/wp-content\/uploads\/2019\/04\/teamtec.jpg\" class=\"lzee attachment-post-thumbnail switch-to-rezension size-post-thumbnail switch-to-rezension wp-post-image\" alt=\"967\" loading=\"lazy\" \/><\/a><\/div><div class=\"kunde-wrapper\" ><a target=\"_blank\" href=\"#rezension\" data-slide=\"14\" tabindex=\"0\"><img width=\"170\" height=\"170\" src=\"https:\/\/www.reduzierrohre.de\/wp-content\/uploads\/2019\/05\/warten-170x170.gif\" data-imagesrc=\"https:\/\/www.reduzierrohre.de\/wp-content\/uploads\/2019\/04\/UPB170.png\" class=\"lzee attachment-post-thumbnail switch-to-rezension size-post-thumbnail switch-to-rezension wp-post-image\" alt=\"1065\" loading=\"lazy\" \/><\/a><\/div><div class=\"kunde-wrapper\" ><a target=\"_blank\" href=\"#rezension\" data-slide=\"15\" tabindex=\"0\"><img width=\"170\" height=\"170\" src=\"https:\/\/www.reduzierrohre.de\/wp-content\/uploads\/2019\/05\/warten-170x170.gif\" data-imagesrc=\"https:\/\/www.reduzierrohre.de\/wp-content\/uploads\/2019\/04\/wemetall.png\" class=\"lzee attachment-post-thumbnail switch-to-rezension size-post-thumbnail switch-to-rezension wp-post-image\" alt=\"969\" loading=\"lazy\" \/><\/a><\/div><div class=\"kunde-wrapper\" ><a target=\"_blank\" href=\"#rezension\" data-slide=\"16\" tabindex=\"0\"><img width=\"170\" height=\"170\" src=\"https:\/\/www.reduzierrohre.de\/wp-content\/uploads\/2019\/05\/warten-170x170.gif\" data-imagesrc=\"https:\/\/www.reduzierrohre.de\/wp-content\/uploads\/2019\/04\/WYMED.png\" class=\"lzee attachment-post-thumbnail switch-to-rezension size-post-thumbnail switch-to-rezension wp-post-image\" alt=\"971\" loading=\"lazy\" \/><\/a><\/div><\/div><div class=\"home-rezension-wrapper\" id=\"rezension\"><div class=\"rezension-wrapper\"><img width=\"170\" height=\"170\" src=\"https:\/\/www.reduzierrohre.de\/wp-content\/uploads\/2019\/05\/warten-170x170.gif\" data-imagesrc=\"https:\/\/www.reduzierrohre.de\/wp-content\/uploads\/2019\/05\/Boellhoff170.png\" class=\"lzee attachment-post-thumbnail size-post-thumbnail wp-post-image\" alt=\"1152\" loading=\"lazy\" \/><div class=\"rezension-content\"><h2 class=\"rezension-title\">B\u00f6llhoff GmbH & Co. KG<\/h2>\"We have been working with Grumbach Maschinenteile for a long time and successfully. We particularly appreciate the reliable and usually short reaction time as well as the uncomplicated order processing.\" - Nils Oleff (Product Manager), B\u00f6llhoff GmbH & Co. KG<p><a href=\"https:\/\/www.reduzierrohre.de\/it\/boellhoff-gmbh-co-kg\/\">Ulteriori informazioni<\/a><\/p><p>Sito Web (client): <a class=\"rezension-link\" href=\"https:\/\/www.boellhoff.com\">B\u00f6llhoff GmbH & Co. KG<\/a><\/p><\/div><\/div><div class=\"rezension-wrapper\"><img width=\"170\" height=\"170\" src=\"https:\/\/www.reduzierrohre.de\/wp-content\/uploads\/2019\/05\/warten-170x170.gif\" data-imagesrc=\"https:\/\/www.reduzierrohre.de\/wp-content\/uploads\/2019\/04\/foltas.png\" class=\"lzee attachment-post-thumbnail size-post-thumbnail wp-post-image\" alt=\"957\" loading=\"lazy\" \/><div class=\"rezension-content\"><h2 class=\"rezension-title\">Foltas Hydraulik GmbH<\/h2>\"The combination of the best quality, reasonable prices and short delivery times makes the difference. Especially recommended is the nice and competent advice and the flexibility in terms of special requirements. All in all, the assortment of Grumbach Maschinenteile can be ideally combined with our agile manufacturing processes.\" - Wolfgang Foltas (CEO), Foltas Hydraulics GmbH<p><a href=\"https:\/\/www.reduzierrohre.de\/it\/foltas-hydraulik-gmbh\/\">Ulteriori informazioni<\/a><\/p><p>Sito Web (client): <a class=\"rezension-link\" href=\"http:\/\/www.foltas-hydraulik.de\/\">Foltas Hydraulik GmbH<\/a><\/p><\/div><\/div><div class=\"rezension-wrapper\"><img width=\"170\" height=\"170\" src=\"https:\/\/www.reduzierrohre.de\/wp-content\/uploads\/2019\/05\/warten-170x170.gif\" data-imagesrc=\"https:\/\/www.reduzierrohre.de\/wp-content\/uploads\/2019\/04\/wemetall.png\" class=\"lzee attachment-post-thumbnail size-post-thumbnail wp-post-image\" alt=\"969\" loading=\"lazy\" \/><div class=\"rezension-content\"><h2 class=\"rezension-title\">WEMETALL GmbH<\/h2>\"With redu tools, we finally found the supplier of reducing tubes that we were looking for a long time. Very good reducers on attractive terms - gladly again.\" -Frank Wolter (CEO), Wemetall GmbH<p><a href=\"https:\/\/www.reduzierrohre.de\/it\/wemetall-gmbh\/\">Ulteriori informazioni<\/a><\/p><p>Sito Web (client): <a class=\"rezension-link\" href=\"http:\/\/www.wemetall.de\/\">WEMETALL GmbH<\/a><\/p><\/div><\/div><\/div><\/div>\n<\/div><\/div>\n\n\n\n<p><\/p>\n","protected":false},"excerpt":{"rendered":"","protected":false},"author":1,"featured_media":0,"parent":0,"menu_order":10,"comment_status":"closed","ping_status":"open","template":"","meta":[],"_links":{"self":[{"href":"https:\/\/www.reduzierrohre.de\/it\/wp-json\/wp\/v2\/pages\/28"}],"collection":[{"href":"https:\/\/www.reduzierrohre.de\/it\/wp-json\/wp\/v2\/pages"}],"about":[{"href":"https:\/\/www.reduzierrohre.de\/it\/wp-json\/wp\/v2\/types\/page"}],"author":[{"embeddable":true,"href":"https:\/\/www.reduzierrohre.de\/it\/wp-json\/wp\/v2\/users\/1"}],"replies":[{"embeddable":true,"href":"https:\/\/www.reduzierrohre.de\/it\/wp-json\/wp\/v2\/comments?post=28"}],"version-history":[{"count":175,"href":"https:\/\/www.reduzierrohre.de\/it\/wp-json\/wp\/v2\/pages\/28\/revisions"}],"predecessor-version":[{"id":1310,"href":"https:\/\/www.reduzierrohre.de\/it\/wp-json\/wp\/v2\/pages\/28\/revisions\/1310"}],"wp:attachment":[{"href":"https:\/\/www.reduzierrohre.de\/it\/wp-json\/wp\/v2\/media?parent=28"}],"curies":[{"name":"wp","href":"https:\/\/api.w.org\/{rel}","templated":true}]}}