{"id":7,"date":"2014-05-14T12:25:30","date_gmt":"2014-05-14T10:25:30","guid":{"rendered":"https:\/\/www.reduzierrohre.de\/?page_id=7"},"modified":"2019-11-27T11:18:46","modified_gmt":"2019-11-27T09:18:46","slug":"unternehmen","status":"publish","type":"page","link":"https:\/\/www.reduzierrohre.de\/fr\/unternehmen\/","title":{"rendered":"Entreprise"},"content":{"rendered":"\n<div class=\"wp-block-impuls-additional-containers-section  has-no-text-color has-no-background-color has-no-background-image\" style=\"background-image:none\"><div class=\"InnerContent\">\n<div class=\"wp-block-columns has-2-columns\">\n<div class=\"wp-block-column\">\n<p><strong>Depuis 1994, l&rsquo;entreprise GRUMBACH Maschinenteile GmbH est \u00e0 la disposition de ses clients en tant que fournisseur qualifi\u00e9 de syst\u00e8mes.<\/strong><\/p>\n\n\n\n<p>Lanc\u00e9e avec 2 salari\u00e9s, elle a grandi pour devenir \u00e0 l&rsquo;heure actuelle une entreprise de taille moyenne op\u00e9rant \u00e0 l&rsquo;international.<\/p>\n\n\n\n<p>Parmi nos clients, nous comptons des entreprises de la r\u00e9gion de Lippe-Westphalie orientale, mais \u00e9galement des firmes dans toute l&rsquo;Allemagne et en Europe.<\/p>\n\n\n\n<p>Gr\u00e2ce \u00e0 une grande flexibilit\u00e9, une pr\u00e9cision \u00e9lev\u00e9e et une production ax\u00e9e sur la rentabilit\u00e9, nous vous offrons une large palette de prestations, depuis la simple pi\u00e8ce jusqu&rsquo;\u00e0 l&rsquo;assemblage fini enti\u00e8rement mont\u00e9, en passant par des pi\u00e8ces individuelles ou de s\u00e9rie complexes,<\/p>\n\n\n\n<p>y compris\nles traitements thermiques et de surfaces.<\/p>\n<\/div>\n\n\n\n<div class=\"wp-block-column\">\n<p>Nos salari\u00e9s, contrema\u00eetres et ing\u00e9nieurs exp\u00e9riment\u00e9s garantissent qualit\u00e9 et fiabilit\u00e9, et trouvent la solution parfaite pour vos exigences individuelles gr\u00e2ce \u00e0 leur exp\u00e9rience de longue date et leur vaste savoir-faire. Rapidement et simplement.<\/p>\n\n\n\n<p>Mais ce n&rsquo;est pas tout\u00a0: nous vous offrons, en tant que client, un pack complet, qui commence, par exemple, par vous conseiller sur les meilleures possibilit\u00e9s de fabrication afin de r\u00e9duire les co\u00fbts de production. Voil\u00e0 notre conception du partenariat.<br><\/p>\n<\/div>\n<\/div>\n<\/div><\/div>\n\n\n\n<p><\/p>\n","protected":false},"excerpt":{"rendered":"","protected":false},"author":1,"featured_media":0,"parent":0,"menu_order":60,"comment_status":"closed","ping_status":"open","template":"","meta":[],"_links":{"self":[{"href":"https:\/\/www.reduzierrohre.de\/fr\/wp-json\/wp\/v2\/pages\/7"}],"collection":[{"href":"https:\/\/www.reduzierrohre.de\/fr\/wp-json\/wp\/v2\/pages"}],"about":[{"href":"https:\/\/www.reduzierrohre.de\/fr\/wp-json\/wp\/v2\/types\/page"}],"author":[{"embeddable":true,"href":"https:\/\/www.reduzierrohre.de\/fr\/wp-json\/wp\/v2\/users\/1"}],"replies":[{"embeddable":true,"href":"https:\/\/www.reduzierrohre.de\/fr\/wp-json\/wp\/v2\/comments?post=7"}],"version-history":[{"count":30,"href":"https:\/\/www.reduzierrohre.de\/fr\/wp-json\/wp\/v2\/pages\/7\/revisions"}],"predecessor-version":[{"id":1339,"href":"https:\/\/www.reduzierrohre.de\/fr\/wp-json\/wp\/v2\/pages\/7\/revisions\/1339"}],"wp:attachment":[{"href":"https:\/\/www.reduzierrohre.de\/fr\/wp-json\/wp\/v2\/media?parent=7"}],"curies":[{"name":"wp","href":"https:\/\/api.w.org\/{rel}","templated":true}]}}