{"id":403,"date":"2016-12-06T12:21:44","date_gmt":"2016-12-06T10:21:44","guid":{"rendered":"https:\/\/www.reduzierrohre.de\/?page_id=403"},"modified":"2019-11-27T10:36:05","modified_gmt":"2019-11-27T08:36:05","slug":"unser-sortiment","status":"publish","type":"page","link":"https:\/\/www.reduzierrohre.de\/fr\/reduzierrohre\/unser-sortiment\/","title":{"rendered":"Notre assortiment"},"content":{"rendered":"\n<div class=\"wp-block-impuls-additional-containers-section  has-no-text-color has-no-background-color has-no-background-image\" style=\"background-image:none\"><div class=\"InnerContent\">\n<div class=\"wp-block-columns has-2-columns\">\n<div class=\"wp-block-column\">\n<p>Notre assortiment est en principe compatible avec tous les fabricants de machines. \u00c0 part des tubes r\u00e9ducteurs standards, nous vous proposons aussi de nombreuses variantes de produits, ainsi que des accessoires pour votre tube r\u00e9ducteur. <\/p>\n\n\n\n<ul><li>Tubes r\u00e9ducteurs standards<\/li><li>Tubes r\u00e9ducteurs modulables avec douilles de r\u00e9duction interchangeable<\/li><\/ul>\n<\/div>\n\n\n\n<div class=\"wp-block-column\">\n<ul><li>Tubes r\u00e9ducteurs pour embarreurs, contre-broches et machines multibroches<\/li><li>Accessoires pour tours et v\u00e9rins de serrage<\/li><li>Conseil et construction sp\u00e9ciale<\/li><li>Syst\u00e8mes de rangement sur-mesure pour tubes r\u00e9ducteurs<\/li><\/ul>\n<\/div>\n<\/div>\n\n\n\n<hr class=\"wp-block-separator\"\/>\n\n\n\n<h2><strong>Tubes r\u00e9ducteurs<\/strong><\/h2>\n\n\n\n<hr class=\"wp-block-separator\"\/>\n\n\n\n<div class=\"wp-block-columns has-2-columns\">\n<div class=\"wp-block-column\">\n<h3><strong>Tailles et diam\u00e8tres<\/strong><\/h3>\n\n\n\n<p>En partant de tubes d&rsquo;acier de pr\u00e9cision, on peut r\u00e9aliser des longueurs jusqu&rsquo;\u00e0 1&nbsp;800&nbsp;mm et des diam\u00e8tres int\u00e9rieurs jusqu&rsquo;\u00e0 140&nbsp;mm. On peut aussi r\u00e9aliser quelques cotes interm\u00e9diaires pour les diam\u00e8tres int\u00e9rieurs (par exemple, \u00d8&nbsp;20,5&nbsp;mm).<\/p>\n<\/div>\n\n\n\n<div class=\"wp-block-column\">\n<figure class=\"wp-block-image\"><img loading=\"lazy\" width=\"1024\" height=\"455\" src=\"https:\/\/www.reduzierrohre.de\/wp-content\/uploads\/2019\/04\/Beschriftung-auf-Reduzierrohr-1024x455.jpg\" alt=\"\" class=\"wp-image-911\" srcset=\"https:\/\/www.reduzierrohre.de\/wp-content\/uploads\/2019\/04\/Beschriftung-auf-Reduzierrohr-1024x455.jpg 1024w, https:\/\/www.reduzierrohre.de\/wp-content\/uploads\/2019\/04\/Beschriftung-auf-Reduzierrohr-300x133.jpg 300w, https:\/\/www.reduzierrohre.de\/wp-content\/uploads\/2019\/04\/Beschriftung-auf-Reduzierrohr-768x342.jpg 768w, https:\/\/www.reduzierrohre.de\/wp-content\/uploads\/2019\/04\/Beschriftung-auf-Reduzierrohr.jpg 1893w\" sizes=\"(max-width: 1024px) 100vw, 1024px\" \/><\/figure>\n<\/div>\n<\/div>\n\n\n\n<hr class=\"wp-block-separator\"\/>\n\n\n\n<div class=\"wp-block-columns has-2-columns\">\n<div class=\"wp-block-column\">\n<h3><strong>Modification personnalis\u00e9e<\/strong><\/h3>\n\n\n\n<p>Prolongations vers l&#8217;embarreur ou vers le mandrin de serrage, diff\u00e9rentes possibilit\u00e9s de fixation, ou autres demandes personnalis\u00e9es. Nous construisons volontiers la solution dont vous avez besoin. <\/p>\n<\/div>\n\n\n\n<div class=\"wp-block-column\">\n<figure class=\"wp-block-image\"><img loading=\"lazy\" width=\"1024\" height=\"354\" src=\"https:\/\/www.reduzierrohre.de\/wp-content\/uploads\/2019\/04\/Normal-Verla\u0308ngert-1024x354.jpg\" alt=\"\" class=\"wp-image-912\" srcset=\"https:\/\/www.reduzierrohre.de\/wp-content\/uploads\/2019\/04\/Normal-Verla\u0308ngert-1024x354.jpg 1024w, https:\/\/www.reduzierrohre.de\/wp-content\/uploads\/2019\/04\/Normal-Verla\u0308ngert-300x104.jpg 300w, https:\/\/www.reduzierrohre.de\/wp-content\/uploads\/2019\/04\/Normal-Verla\u0308ngert-768x265.jpg 768w, https:\/\/www.reduzierrohre.de\/wp-content\/uploads\/2019\/04\/Normal-Verla\u0308ngert.jpg 1606w\" sizes=\"(max-width: 1024px) 100vw, 1024px\" \/><\/figure>\n<\/div>\n<\/div>\n\n\n\n<hr class=\"wp-block-separator\"\/>\n\n\n\n<div class=\"wp-block-columns has-2-columns\">\n<div class=\"wp-block-column\">\n<h3><strong>Tubes masters<\/strong><\/h3>\n\n\n\n<p>Le tube master n&rsquo;est mont\u00e9 qu&rsquo;une seule fois et est \u00e9quip\u00e9, en fonction des besoins, avec diff\u00e9rentes douilles de r\u00e9duction. Gr\u00e2ce aux douilles de r\u00e9duction, on peut r\u00e9aliser toutes les cotes interm\u00e9diaires et \u00e9galement des profil\u00e9s particuliers (par exemple carr\u00e9s).<\/p>\n<\/div>\n\n\n\n<div class=\"wp-block-column\">\n<figure class=\"wp-block-image\"><img loading=\"lazy\" width=\"1024\" height=\"297\" src=\"https:\/\/www.reduzierrohre.de\/wp-content\/uploads\/2019\/04\/Wechseleinsa\u0308tze-1024x297.jpg\" alt=\"\" class=\"wp-image-913\" srcset=\"https:\/\/www.reduzierrohre.de\/wp-content\/uploads\/2019\/04\/Wechseleinsa\u0308tze-1024x297.jpg 1024w, https:\/\/www.reduzierrohre.de\/wp-content\/uploads\/2019\/04\/Wechseleinsa\u0308tze-300x87.jpg 300w, https:\/\/www.reduzierrohre.de\/wp-content\/uploads\/2019\/04\/Wechseleinsa\u0308tze-768x223.jpg 768w, https:\/\/www.reduzierrohre.de\/wp-content\/uploads\/2019\/04\/Wechseleinsa\u0308tze.jpg 1421w\" sizes=\"(max-width: 1024px) 100vw, 1024px\" \/><\/figure>\n<\/div>\n<\/div>\n\n\n\n<hr class=\"wp-block-separator\"\/>\n\n\n\n<div class=\"wp-block-columns has-2-columns\">\n<div class=\"wp-block-column\">\n<h3><strong>Syst\u00e8me de fixation avec serrage s\u00e9par\u00e9<\/strong><\/h3>\n\n\n\n<p>Pour un meilleur montage et un meilleur positionnement, nous vous recommandons une bague de serrage s\u00e9par\u00e9e. La bague de serrage n&rsquo;est mont\u00e9e qu&rsquo;une fois sur chaque machine et s&rsquo;adapte ensuite \u00e0 tous les autres tubes r\u00e9ducteurs install\u00e9s dans la machine.<\/p>\n<\/div>\n\n\n\n<div class=\"wp-block-column\">\n<figure class=\"wp-block-image\"><img loading=\"lazy\" width=\"1024\" height=\"725\" src=\"https:\/\/www.reduzierrohre.de\/wp-content\/uploads\/2019\/04\/Vergleich-Klemmung2-1-1024x725.jpg\" alt=\"\" class=\"wp-image-1082\" srcset=\"https:\/\/www.reduzierrohre.de\/wp-content\/uploads\/2019\/04\/Vergleich-Klemmung2-1-1024x725.jpg 1024w, https:\/\/www.reduzierrohre.de\/wp-content\/uploads\/2019\/04\/Vergleich-Klemmung2-1-300x212.jpg 300w, https:\/\/www.reduzierrohre.de\/wp-content\/uploads\/2019\/04\/Vergleich-Klemmung2-1-768x544.jpg 768w, https:\/\/www.reduzierrohre.de\/wp-content\/uploads\/2019\/04\/Vergleich-Klemmung2-1.jpg 1171w\" sizes=\"(max-width: 1024px) 100vw, 1024px\" \/><\/figure>\n\n\n\n<p><\/p>\n<\/div>\n<\/div>\n\n\n\n<hr class=\"wp-block-separator\"\/>\n\n\n\n<div class=\"wp-block-columns has-2-columns\">\n<div class=\"wp-block-column\">\n<h3><strong>Tubes r\u00e9ducteurs en plusieurs parties<\/strong><\/h3>\n\n\n\n<p>Que votre broche principale soit particuli\u00e8rement longue, qu&rsquo;il s&rsquo;agisse d&rsquo;une utilisation dans une machine multibroche, ou bien que vous ne puissiez faire autrement pour des raisons d&rsquo;espace, gr\u00e2ce \u00e0 notre syst\u00e8me de raccord, ces probl\u00e8mes peuvent aussi \u00eatre r\u00e9gl\u00e9s.<\/p>\n<\/div>\n\n\n\n<div class=\"wp-block-column\">\n<figure class=\"wp-block-image\"><img loading=\"lazy\" width=\"1024\" height=\"607\" src=\"https:\/\/www.reduzierrohre.de\/wp-content\/uploads\/2019\/04\/Mehrteilig-1024x607.jpg\" alt=\"\" class=\"wp-image-915\" srcset=\"https:\/\/www.reduzierrohre.de\/wp-content\/uploads\/2019\/04\/Mehrteilig-1024x607.jpg 1024w, https:\/\/www.reduzierrohre.de\/wp-content\/uploads\/2019\/04\/Mehrteilig-300x178.jpg 300w, https:\/\/www.reduzierrohre.de\/wp-content\/uploads\/2019\/04\/Mehrteilig-768x455.jpg 768w, https:\/\/www.reduzierrohre.de\/wp-content\/uploads\/2019\/04\/Mehrteilig.jpg 1448w\" sizes=\"(max-width: 1024px) 100vw, 1024px\" \/><\/figure>\n<\/div>\n<\/div>\n\n\n\n<hr class=\"wp-block-separator\"\/>\n\n\n\n<div class=\"wp-block-columns has-2-columns\">\n<div class=\"wp-block-column\">\n<h3><strong>Traitement des surfaces<\/strong><\/h3>\n\n\n\n<p>En option, traitement de surfaces par zingage galvanique (forte protection anti-corrosion) ou brunissage (protection anti-corrosion moyenne).<\/p>\n<\/div>\n\n\n\n<div class=\"wp-block-column\">\n<figure class=\"wp-block-image\"><img loading=\"lazy\" width=\"1024\" height=\"798\" src=\"https:\/\/www.reduzierrohre.de\/wp-content\/uploads\/2019\/04\/Verzinkt-Br\u00fcniert-1024x798.jpg\" alt=\"\" class=\"wp-image-1084\" srcset=\"https:\/\/www.reduzierrohre.de\/wp-content\/uploads\/2019\/04\/Verzinkt-Br\u00fcniert-1024x798.jpg 1024w, https:\/\/www.reduzierrohre.de\/wp-content\/uploads\/2019\/04\/Verzinkt-Br\u00fcniert-300x234.jpg 300w, https:\/\/www.reduzierrohre.de\/wp-content\/uploads\/2019\/04\/Verzinkt-Br\u00fcniert-768x599.jpg 768w, https:\/\/www.reduzierrohre.de\/wp-content\/uploads\/2019\/04\/Verzinkt-Br\u00fcniert.jpg 1832w\" sizes=\"(max-width: 1024px) 100vw, 1024px\" \/><\/figure>\n<\/div>\n<\/div>\n\n\n\n<hr class=\"wp-block-separator\"\/>\n\n\n\n<div class=\"wp-block-columns has-2-columns\">\n<div class=\"wp-block-column\">\n<h3><strong>Profil\u00e9s de barres possibles<\/strong><\/h3>\n\n\n\n<p>Que vous ayez des barres rondes, carr\u00e9es ou hexagonales, gr\u00e2ce \u00e0 nos solutions, vous pourrez guider et usiner avec pr\u00e9cision tous les types de barres.<\/p>\n<\/div>\n\n\n\n<div class=\"wp-block-column\">\n<figure class=\"wp-block-image\"><img loading=\"lazy\" width=\"1024\" height=\"421\" src=\"https:\/\/www.reduzierrohre.de\/wp-content\/uploads\/2019\/04\/Profile-1024x421.jpg\" alt=\"\" class=\"wp-image-917\" srcset=\"https:\/\/www.reduzierrohre.de\/wp-content\/uploads\/2019\/04\/Profile-1024x421.jpg 1024w, https:\/\/www.reduzierrohre.de\/wp-content\/uploads\/2019\/04\/Profile-300x123.jpg 300w, https:\/\/www.reduzierrohre.de\/wp-content\/uploads\/2019\/04\/Profile-768x316.jpg 768w, https:\/\/www.reduzierrohre.de\/wp-content\/uploads\/2019\/04\/Profile.jpg 1649w\" sizes=\"(max-width: 1024px) 100vw, 1024px\" \/><\/figure>\n<\/div>\n<\/div>\n\n\n\n<hr class=\"wp-block-separator\"\/>\n\n\n\n<h2><strong>Accessoires<\/strong><\/h2>\n\n\n\n<hr class=\"wp-block-separator\"\/>\n\n\n\n<div class=\"wp-block-columns has-2-columns\">\n<div class=\"wp-block-column\">\n<h3><strong>Syst\u00e8mes de rangement<\/strong><\/h3>\n\n\n\n<p>Notre support pour tubes r\u00e9ducteurs avec correction de niveau est pratique pour l&rsquo;utilisateur et permet de ranger jusqu&rsquo;\u00e0 dix tubes r\u00e9ducteurs d&rsquo;un m\u00eame type, en gagnant de l&rsquo;espace.<\/p>\n\n\n\n<p>(Egalement disponible avec montage mural.)<\/p>\n<\/div>\n\n\n\n<div class=\"wp-block-column\">\n<figure class=\"wp-block-image\"><img loading=\"lazy\" width=\"571\" height=\"522\" src=\"https:\/\/www.reduzierrohre.de\/wp-content\/uploads\/2019\/11\/BeideSt\u00e4nder.png\" alt=\"\" class=\"wp-image-1288\" srcset=\"https:\/\/www.reduzierrohre.de\/wp-content\/uploads\/2019\/11\/BeideSt\u00e4nder.png 571w, https:\/\/www.reduzierrohre.de\/wp-content\/uploads\/2019\/11\/BeideSt\u00e4nder-300x274.png 300w\" sizes=\"(max-width: 571px) 100vw, 571px\" \/><\/figure>\n\n\n\n<p><\/p>\n<\/div>\n<\/div>\n\n\n\n<hr class=\"wp-block-separator\"\/>\n\n\n\n<div class=\"wp-block-columns has-2-columns\">\n<div class=\"wp-block-column\">\n<h3><strong>Collecteurs de liquide d&rsquo;arrosage<\/strong><\/h3>\n\n\n\n<p>En utilisant des collecteurs de liquide d&rsquo;arrosage, les fuites de liquide peuvent \u00eatre renvoy\u00e9es dans le bac de r\u00e9cup\u00e9ration. Cet accessoire est recommand\u00e9 en particulier pour des tubes r\u00e9ducteurs avec prolongateurs.<\/p>\n<\/div>\n\n\n\n<div class=\"wp-block-column\">\n<figure class=\"wp-block-image is-resized\"><img loading=\"lazy\" src=\"https:\/\/www.reduzierrohre.de\/wp-content\/uploads\/2019\/04\/Ku\u0308hlmittelauffang.jpg\" alt=\"\" class=\"wp-image-924\" width=\"379\" height=\"282\" srcset=\"https:\/\/www.reduzierrohre.de\/wp-content\/uploads\/2019\/04\/Ku\u0308hlmittelauffang.jpg 918w, https:\/\/www.reduzierrohre.de\/wp-content\/uploads\/2019\/04\/Ku\u0308hlmittelauffang-200x150.jpg 200w, https:\/\/www.reduzierrohre.de\/wp-content\/uploads\/2019\/04\/Ku\u0308hlmittelauffang-300x224.jpg 300w, https:\/\/www.reduzierrohre.de\/wp-content\/uploads\/2019\/04\/Ku\u0308hlmittelauffang-768x572.jpg 768w\" sizes=\"(max-width: 379px) 100vw, 379px\" \/><\/figure>\n<\/div>\n<\/div>\n\n\n\n<hr class=\"wp-block-separator\"\/>\n\n\n\n<div class=\"wp-block-columns has-2-columns\">\n<div class=\"wp-block-column\">\n<h3><strong>Tubes de traction<\/strong><\/h3>\n\n\n\n<p>Avez-vous des soucis avec le tube de traction dans la broche&nbsp;? Nous r\u00e9parons, construisons ou fabriquons selon vos demandes. En mati\u00e8re de pi\u00e8ces de rechange, une alternative \u00e9conomique est mise \u00e0 votre disposition par redu tools en tant que fournisseur de syst\u00e8me.<\/p>\n<\/div>\n\n\n\n<div class=\"wp-block-column\">\n<figure class=\"wp-block-image is-resized\"><img loading=\"lazy\" src=\"https:\/\/www.reduzierrohre.de\/wp-content\/uploads\/2019\/04\/Zugrohr-1024x688.jpg\" alt=\"\" class=\"wp-image-926\" width=\"386\" height=\"259\" srcset=\"https:\/\/www.reduzierrohre.de\/wp-content\/uploads\/2019\/04\/Zugrohr-1024x688.jpg 1024w, https:\/\/www.reduzierrohre.de\/wp-content\/uploads\/2019\/04\/Zugrohr-300x202.jpg 300w, https:\/\/www.reduzierrohre.de\/wp-content\/uploads\/2019\/04\/Zugrohr-768x516.jpg 768w, https:\/\/www.reduzierrohre.de\/wp-content\/uploads\/2019\/04\/Zugrohr.jpg 1217w\" sizes=\"(max-width: 386px) 100vw, 386px\" \/><\/figure>\n<\/div>\n<\/div>\n<\/div><\/div>\n\n\n\n<p><\/p>\n","protected":false},"excerpt":{"rendered":"","protected":false},"author":1,"featured_media":0,"parent":19,"menu_order":21,"comment_status":"closed","ping_status":"closed","template":"","meta":[],"_links":{"self":[{"href":"https:\/\/www.reduzierrohre.de\/fr\/wp-json\/wp\/v2\/pages\/403"}],"collection":[{"href":"https:\/\/www.reduzierrohre.de\/fr\/wp-json\/wp\/v2\/pages"}],"about":[{"href":"https:\/\/www.reduzierrohre.de\/fr\/wp-json\/wp\/v2\/types\/page"}],"author":[{"embeddable":true,"href":"https:\/\/www.reduzierrohre.de\/fr\/wp-json\/wp\/v2\/users\/1"}],"replies":[{"embeddable":true,"href":"https:\/\/www.reduzierrohre.de\/fr\/wp-json\/wp\/v2\/comments?post=403"}],"version-history":[{"count":71,"href":"https:\/\/www.reduzierrohre.de\/fr\/wp-json\/wp\/v2\/pages\/403\/revisions"}],"predecessor-version":[{"id":1327,"href":"https:\/\/www.reduzierrohre.de\/fr\/wp-json\/wp\/v2\/pages\/403\/revisions\/1327"}],"up":[{"embeddable":true,"href":"https:\/\/www.reduzierrohre.de\/fr\/wp-json\/wp\/v2\/pages\/19"}],"wp:attachment":[{"href":"https:\/\/www.reduzierrohre.de\/fr\/wp-json\/wp\/v2\/media?parent=403"}],"curies":[{"name":"wp","href":"https:\/\/api.w.org\/{rel}","templated":true}]}}