{"id":21,"date":"2014-05-14T15:38:51","date_gmt":"2014-05-14T13:38:51","guid":{"rendered":"https:\/\/www.reduzierrohre.de\/?page_id=21"},"modified":"2019-11-27T10:50:32","modified_gmt":"2019-11-27T08:50:32","slug":"vorteile","status":"publish","type":"page","link":"https:\/\/www.reduzierrohre.de\/fr\/vorteile\/","title":{"rendered":"Avantages"},"content":{"rendered":"\n<div class=\"wp-block-impuls-additional-containers-section  has-no-text-color has-light-gray-background-color has-background-color has-no-background-image vorteile\" style=\"background-image:none\"><div class=\"InnerContent\">\n<table class=\"wp-block-table vorteile-table\">\n   <tbody>\n      <tr>\n         <td><\/td>\n         <td>redutools<\/td>\n         <td>Fabricant de machines<\/span><\/td>\n         <td>Production maison<\/td>\n      <\/tr>\n      <tr>\n         <td>Prix\/frais<\/td>\n         <td><i class=\"icon-star-solid gold\"><i class=\"icon-star-solid gold\"><i class=\"icon-star-solid gold\"><\/td>\n         <td><i class=\"icon-star-solid gray\"><\/i><\/td>\n         <td><i class=\"icon-star-solid gray\"><\/i><\/td>\n      <\/tr>\n      <tr>\n         <td>Qualit\u00e9<\/td>\n         <td><i class=\"icon-star-solid gold\"><i class=\"icon-star-solid gold\"><i class=\"icon-star-solid gold\"><\/td>\n         <td><i class=\"icon-star-solid gray\"><\/i><i class=\"icon-star-solid gray\"><\/i><\/td>\n         <td>?<\/td>\n      <\/tr>\n      <tr>\n         <td>D\u00e9lai de livraison\/efficacit\u00e9<\/td>\n         <td><i class=\"icon-star-solid gold\"><i class=\"icon-star-solid gold\"><i class=\"icon-star-solid gold\"><\/td>\n         <td><i class=\"icon-star-solid gray\"><\/i><\/td>\n         <td>?<\/td>\n      <\/tr>\n      <tr>\n         <td>Diversit\u00e9 des produits<\/td>\n         <td><i class=\"icon-star-solid gold\"><i class=\"icon-star-solid gold\"><i class=\"icon-star-solid gold\"><\/td>\n         <td><i class=\"icon-star-solid gray\"><\/i><\/td>\n         <td>?<\/td>\n      <\/tr>\n      <tr>\n         <td>Garantie<\/td>\n         <td><i class=\"icon-star-solid gold\"><i class=\"icon-star-solid gold\"><i class=\"icon-star-solid gold\"><\/td>\n         <td>?<\/td>\n         <td>&#8211;<\/td>\n      <\/tr>\n      <tr>\n         <td>Assistance<\/td>\n         <td><i class=\"icon-star-solid gold\"><i class=\"icon-star-solid gold\"><i class=\"icon-star-solid gold\"><\/td>\n         <td>?<\/td>\n         <td>&#8211;<\/td>\n      <\/tr>\n   <\/tbody>\n<\/table>\n\n\n\n<p><\/p>\n<\/div><\/div>\n\n\n\n<div class=\"wp-block-impuls-additional-containers-section  has-no-text-color has-no-background-color has-no-background-image\" style=\"background-image:none\"><div class=\"InnerContent\">\n<h2 style=\"text-align:center\"><strong>PRIX<\/strong><\/h2>\n\n\n\n<div class=\"wp-block-columns has-2-columns\">\n<div class=\"wp-block-column\">\n<p>Quasiment aucun <strong>fabricant de machines<\/strong> ne fabrique lui-m\u00eame de dispositifs de r\u00e9duction de broche. En g\u00e9n\u00e9ral, ceux-ci sont achet\u00e9s et revendus avec parfois des suppl\u00e9ments consid\u00e9rables. M\u00eame lorsqu&rsquo;il existe une <strong>production maison<\/strong> de quelques tubes de guidage, il est difficile de faire des r\u00e9ductions de co\u00fbts\u00a0: en raison du temps et du travail pass\u00e9s et de la mati\u00e8re utilis\u00e9e pour la construction, de la fabrication individuelle et des co\u00fbts \u00e9lev\u00e9s d&rsquo;approvisionnement en mati\u00e8res premi\u00e8res, il est rare de pouvoir r\u00e9aliser des solutions rentables. <br><\/p>\n<\/div>\n\n\n\n<div class=\"wp-block-column\">\n<p>Chez <strong>redu tools<\/strong>, nous achetons les mati\u00e8res premi\u00e8res n\u00e9cessaires en grandes quantit\u00e9s. La plupart des composants des dispositifs de r\u00e9duction de broche sont fabriqu\u00e9s en s\u00e9rie.\u00a0Tous les processus sont adapt\u00e9s \u00e0 la fabrication de dispositifs de r\u00e9duction de broche. Nous r\u00e9percutons les r\u00e9ductions de co\u00fbts qui en r\u00e9sultent sur nos clients.<\/p>\n<\/div>\n<\/div>\n<\/div><\/div>\n\n\n\n<hr class=\"wp-block-separator\"\/>\n\n\n\n<div class=\"wp-block-impuls-additional-containers-section  has-no-text-color has-no-background-color has-no-background-image\" style=\"background-image:none\"><div class=\"InnerContent\">\n<h2 style=\"text-align:center\"><strong>QUALIT\u00c9<\/strong><\/h2>\n\n\n\n<div class=\"wp-block-columns has-2-columns\">\n<div class=\"wp-block-column\">\n<p><strong>Les fabricants de machines<\/strong> apportent la plus grande attention \u00e0 la qualit\u00e9 de leurs machines. Toutefois, les accessoires tels que les tubes de r\u00e9duction de broche, par exemple, sont souvent consid\u00e9r\u00e9s comme des articles secondaires. Contrairement \u00e0 cela,<strong>redu tools<\/strong> s&rsquo;est sp\u00e9cialis\u00e9 dans la construction et la fabrication de dispositifs de r\u00e9duction pour broche.<\/p>\n<\/div>\n\n\n\n<div class=\"wp-block-column\">\n<p>En plus de 30 ans d&rsquo;exp\u00e9rience en mati\u00e8re de construction et de fabrication, nous avons constitu\u00e9 un savoir-faire \u00e9tendu et c&rsquo;est pourquoi nous savons exactement ce qu&rsquo;il faut faire quand il s&rsquo;agit de tubes r\u00e9ducteurs. En compl\u00e9ment, nous d\u00e9veloppons constamment de nouvelles solutions techniques de d\u00e9tails. Vous pouvez donc \u00eatre s\u00fbr de recevoir des propositions de grande qualit\u00e9 et fiables, test\u00e9es dans la pratique par redu tools.<\/p>\n<\/div>\n<\/div>\n<\/div><\/div>\n\n\n\n<hr class=\"wp-block-separator\"\/>\n\n\n\n<div class=\"wp-block-impuls-additional-containers-section  has-no-text-color has-no-background-color has-no-background-image\" style=\"background-image:none\"><div class=\"InnerContent\">\n<h2 style=\"text-align:center\"><strong>D\u00c9LAI DE LIVRAISON ET EFFICACIT\u00c9<\/strong><\/h2>\n\n\n\n<div class=\"wp-block-columns has-2-columns\">\n<div class=\"wp-block-column\">\n<p><strong>Si vous \u00eates dans l&rsquo;urgence, demandez \u00e0 redu tools\u00a0! <\/strong>Comme en g\u00e9n\u00e9ral, les\u00a0<strong>fabricants de machines<\/strong> ach\u00e8tent \u00e0 l&rsquo;ext\u00e9rieur les tubes r\u00e9ducteurs, il faut s&rsquo;attendre, ne serait-ce qu&rsquo;\u00e0 cause de la logistique n\u00e9cessaire, \u00e0 des d\u00e9lais de livraison rallong\u00e9s. Avec une <strong>production maison<\/strong>, les mati\u00e8res n\u00e9cessaires ne sont souvent pas disponibles tout de suite. Il faut donc, la plupart du temps, d&rsquo;abord r\u00e9aliser la construction, puis s&rsquo;approvisionner en mati\u00e8res premi\u00e8res et les fa\u00e7onner, avant de pouvoir disposer d&rsquo;un tube de r\u00e9duction de broche fini. <\/p>\n<\/div>\n\n\n\n<div class=\"wp-block-column\">\n<p>Chez<strong> redu tools<\/strong>, gr\u00e2ce \u00e0 notre stockage de toutes les mati\u00e8res premi\u00e8res, ainsi que de tous les composants finis ou semi-finis n\u00e9cessaires, nous garantissons un d\u00e9lai de livraison court (en g\u00e9n\u00e9ral, dans les deux jours sortants) pour presque tous les types. <a href=\"https:\/\/www.reduzierrohre.de\/fr\/kontakt\/\">Contactez-nous\u00a0!<\/a><\/p>\n<\/div>\n<\/div>\n<\/div><\/div>\n\n\n\n<hr class=\"wp-block-separator\"\/>\n\n\n\n<div class=\"wp-block-impuls-additional-containers-section  has-no-text-color has-no-background-color has-no-background-image\" style=\"background-image:none\"><div class=\"InnerContent\">\n<h2 style=\"text-align:center\"><strong>DIVERSIT\u00c9 DES PRODUITS<\/strong><\/h2>\n\n\n\n<div class=\"wp-block-columns has-2-columns\">\n<div class=\"wp-block-column\">\n<p>Les <strong>fabricants de machines<\/strong> n&rsquo;ont en g\u00e9n\u00e9ral dans leur programme de livraison que des r\u00e9ducteurs standards. En cas de <strong>fabrication maison<\/strong>, g\u00e9n\u00e9ralement, on fabrique le tube de guidage voulu dans sa forme la plus simple. <strong>Redu tools<\/strong> fabrique des tubes de guidage pour quasiment toutes les machines de presque tous les fabricants. En l&rsquo;occurrence, notre offre s&rsquo;\u00e9tend \u00e0&#8230;<\/p>\n\n\n\n<ul><li>Des r\u00e9ductions standards \u00e0 diam\u00e8tres int\u00e9rieurs par pas de 1\u00a0mm<\/li><li>Des diam\u00e8tres int\u00e9rieurs avec cotes interm\u00e9diaires (par ex. \u00d8\u00a040,5\u00a0mm), pour un fonctionnement particuli\u00e8rement stable<\/li><li>Des variantes avec prolongateurs (que ce soit du c\u00f4t\u00e9 alimentation ou serrage)<\/li><\/ul>\n<\/div>\n\n\n\n<div class=\"wp-block-column\">\n<ul><li>Des r\u00e9ductions avec serrage int\u00e9gr\u00e9 ou bague de serrage s\u00e9par\u00e9e<\/li><li>Des tubes de r\u00e9duction de broche avec douilles en plastique et bagues d&rsquo;\u00e9cartement pour guidage particuli\u00e8rement \u00e9troit ou pour barres \u00e0 surfaces fragiles<\/li><li>Des tubes de guidage en plusieurs parties lorsqu&rsquo;il n&rsquo;y a pas assez d&rsquo;espace dans la machine pour le montage et le d\u00e9montage<\/li><li>Des dispositifs de r\u00e9duction pour broche prot\u00e9g\u00e9s anti-corrosion (par exemple, par passivation).<\/li><\/ul>\n<\/div>\n<\/div>\n<\/div><\/div>\n\n\n\n<hr class=\"wp-block-separator\"\/>\n\n\n\n<div class=\"wp-block-impuls-additional-containers-section  has-no-text-color has-no-background-color has-no-background-image\" style=\"background-image:none\"><div class=\"InnerContent\">\n<div class=\"wp-block-columns has-2-columns\">\n<div class=\"wp-block-column\">\n<h2 style=\"text-align:center\" id=\"guarantee\"><strong>GARANTIE<\/strong><\/h2>\n\n\n\n<p>Les <strong>fabricants de machines<\/strong> offrent la garantie l\u00e9gale, alors qu&rsquo;en cas de <strong>productions maison<\/strong>, il n&rsquo;y a pas de garantie. <strong>Redu tools<\/strong>, en revanche, offre une garantie de 10 ans sur ses produits standards.<\/p>\n<\/div>\n\n\n\n<div class=\"wp-block-column\">\n<h2 style=\"text-align:center\"><strong>ASSISTANCE<\/strong><\/h2>\n\n\n\n<p>Les <strong>fabricants de machines<\/strong> ne proposent habituellement pas d&rsquo;assistance sur les tubes r\u00e9ducteurs, puisque ceux-ci sont trait\u00e9s comme des accessoires achet\u00e9s \u00e0 l&rsquo;ext\u00e9rieur. En cas de <strong>production maison<\/strong>, vous ne recevez pas non plus d&rsquo;assistance. <strong>Redu tools<\/strong> r\u00e9pond \u00e0 toutes vos questions sur les tubes de r\u00e9duction pour broche et vous aide \u00e0 choisir le bon tube de guidage. Si vous avez besoin d&rsquo;une fabrication sp\u00e9ciale, nous r\u00e9alisons sa construction gratuitement. <a href=\"https:\/\/www.reduzierrohre.de\/fr\/kontakt\/\">Contactez-nous\u00a0!<\/a><\/p>\n<\/div>\n<\/div>\n<\/div><\/div>\n","protected":false},"excerpt":{"rendered":"","protected":false},"author":1,"featured_media":0,"parent":0,"menu_order":30,"comment_status":"closed","ping_status":"open","template":"","meta":[],"_links":{"self":[{"href":"https:\/\/www.reduzierrohre.de\/fr\/wp-json\/wp\/v2\/pages\/21"}],"collection":[{"href":"https:\/\/www.reduzierrohre.de\/fr\/wp-json\/wp\/v2\/pages"}],"about":[{"href":"https:\/\/www.reduzierrohre.de\/fr\/wp-json\/wp\/v2\/types\/page"}],"author":[{"embeddable":true,"href":"https:\/\/www.reduzierrohre.de\/fr\/wp-json\/wp\/v2\/users\/1"}],"replies":[{"embeddable":true,"href":"https:\/\/www.reduzierrohre.de\/fr\/wp-json\/wp\/v2\/comments?post=21"}],"version-history":[{"count":74,"href":"https:\/\/www.reduzierrohre.de\/fr\/wp-json\/wp\/v2\/pages\/21\/revisions"}],"predecessor-version":[{"id":1331,"href":"https:\/\/www.reduzierrohre.de\/fr\/wp-json\/wp\/v2\/pages\/21\/revisions\/1331"}],"wp:attachment":[{"href":"https:\/\/www.reduzierrohre.de\/fr\/wp-json\/wp\/v2\/media?parent=21"}],"curies":[{"name":"wp","href":"https:\/\/api.w.org\/{rel}","templated":true}]}}