{"id":7,"date":"2014-05-14T12:25:30","date_gmt":"2014-05-14T10:25:30","guid":{"rendered":"https:\/\/www.reduzierrohre.de\/?page_id=7"},"modified":"2019-11-27T11:18:46","modified_gmt":"2019-11-27T09:18:46","slug":"unternehmen","status":"publish","type":"page","link":"https:\/\/www.reduzierrohre.de\/es\/unternehmen\/","title":{"rendered":"Empresa"},"content":{"rendered":"\n<div class=\"wp-block-impuls-additional-containers-section  has-no-text-color has-no-background-color has-no-background-image\" style=\"background-image:none\"><div class=\"InnerContent\">\n<div class=\"wp-block-columns has-2-columns\">\n<div class=\"wp-block-column\">\n<p><strong>Desde 1994, la empresa GRUMBACH Maschinenteile GmbH ofrece sus servicios a sus clientes como proveedor de sistemas cualificado.<\/strong><\/p>\n\n\n\n<p>Empezamos trabajando dos personas y hemos crecido hasta convertirnos en una empresa mediana con presencia internacional.<\/p>\n\n\n\n<p>Entre nuestros clientes se encuentran empresas de nuestra Regi\u00f3n de Detmold, as\u00ed como empresas de toda Alemania y Europa.<\/p>\n\n\n\n<p>Con una\ngran flexibilidad, alta precisi\u00f3n y producci\u00f3n orientada a la rentabilidad, le\nofrecemos una amplia gama de servicios, desde simples componentes, pasando por\npiezas individuales y en serie complicadas, hasta m\u00f3dulos completamente\nensamblados,<\/p>\n\n\n\n<p>incluyendo\ntratamientos t\u00e9rmicos y superficiales.<\/p>\n<\/div>\n\n\n\n<div class=\"wp-block-column\">\n<p>Nuestros experimentados empleados especializados, maestros artesanos e ingenieros garantizan calidad y fiabilidad y, gracias a sus muchos a\u00f1os de experiencia y a sus amplios conocimientos especializados, encontrar\u00e1n la soluci\u00f3n \u00f3ptima para sus necesidades individuales. A corto plazo y sin complicaciones.<\/p>\n\n\n\n<p>Pero no solo eso. Para usted, como cliente nuestro, le ofrecemos el paquete completo, que comienza para nosotros, por ejemplo, con el asesoramiento sobre las posibilidades \u00f3ptimas de fabricaci\u00f3n para minimizar los costes de fabricaci\u00f3n. Esta es nuestra idea de colaboraci\u00f3n.<\/p>\n<\/div>\n<\/div>\n<\/div><\/div>\n\n\n\n<p><\/p>\n","protected":false},"excerpt":{"rendered":"","protected":false},"author":1,"featured_media":0,"parent":0,"menu_order":60,"comment_status":"closed","ping_status":"open","template":"","meta":[],"_links":{"self":[{"href":"https:\/\/www.reduzierrohre.de\/es\/wp-json\/wp\/v2\/pages\/7"}],"collection":[{"href":"https:\/\/www.reduzierrohre.de\/es\/wp-json\/wp\/v2\/pages"}],"about":[{"href":"https:\/\/www.reduzierrohre.de\/es\/wp-json\/wp\/v2\/types\/page"}],"author":[{"embeddable":true,"href":"https:\/\/www.reduzierrohre.de\/es\/wp-json\/wp\/v2\/users\/1"}],"replies":[{"embeddable":true,"href":"https:\/\/www.reduzierrohre.de\/es\/wp-json\/wp\/v2\/comments?post=7"}],"version-history":[{"count":30,"href":"https:\/\/www.reduzierrohre.de\/es\/wp-json\/wp\/v2\/pages\/7\/revisions"}],"predecessor-version":[{"id":1339,"href":"https:\/\/www.reduzierrohre.de\/es\/wp-json\/wp\/v2\/pages\/7\/revisions\/1339"}],"wp:attachment":[{"href":"https:\/\/www.reduzierrohre.de\/es\/wp-json\/wp\/v2\/media?parent=7"}],"curies":[{"name":"wp","href":"https:\/\/api.w.org\/{rel}","templated":true}]}}