{"id":403,"date":"2016-12-06T12:21:44","date_gmt":"2016-12-06T10:21:44","guid":{"rendered":"https:\/\/www.reduzierrohre.de\/?page_id=403"},"modified":"2019-11-27T10:36:05","modified_gmt":"2019-11-27T08:36:05","slug":"unser-sortiment","status":"publish","type":"page","link":"https:\/\/www.reduzierrohre.de\/es\/reduzierrohre\/unser-sortiment\/","title":{"rendered":"Nuestra gama de productos"},"content":{"rendered":"\n<div class=\"wp-block-impuls-additional-containers-section  has-no-text-color has-no-background-color has-no-background-image\" style=\"background-image:none\"><div class=\"InnerContent\">\n<div class=\"wp-block-columns has-2-columns\">\n<div class=\"wp-block-column\">\n<p>Nuestra selecci\u00f3n es b\u00e1sicamente compatible con todos los fabricantes de m\u00e1quinas. Adem\u00e1s de tubos reductores est\u00e1ndar, tambi\u00e9n tenemos muchas otras variaciones de productos y accesorios para su tubo reductor en nuestra gama. <\/p>\n\n\n\n<ul><li>Tubos reductores est\u00e1ndar<\/li><li>Tubos reductores modulares con casquillos reductores intercambiables<\/li><\/ul>\n<\/div>\n\n\n\n<div class=\"wp-block-column\">\n<ul><li>Tubos reductores para cargadores de barras, contrahusillos y m\u00e1quinas multihusillos<\/li><li>Accesorios para tornos y cilindros de sujeci\u00f3n<\/li><li>Asesoramiento y dise\u00f1o especial<\/li><li>Sistemas de almacenamiento a medida para tubos reductores<\/li><\/ul>\n<\/div>\n<\/div>\n\n\n\n<hr class=\"wp-block-separator\"\/>\n\n\n\n<h2><strong>Tubos reductores<\/strong><\/h2>\n\n\n\n<hr class=\"wp-block-separator\"\/>\n\n\n\n<div class=\"wp-block-columns has-2-columns\">\n<div class=\"wp-block-column\">\n<h3><strong>Tama\u00f1os y di\u00e1metros<\/strong><\/h3>\n\n\n\n<p>Sobre la base de tubos de acero de precisi\u00f3n, se pueden realizar longitudes de hasta 1800 mm y di\u00e1metros interiores de hasta 140 mm. Tambi\u00e9n hay disponibles algunas medidas intermedias para los di\u00e1metros interiores (p. ej., \u00d8 20,5 mm).<\/p>\n<\/div>\n\n\n\n<div class=\"wp-block-column\">\n<figure class=\"wp-block-image\"><img loading=\"lazy\" width=\"1024\" height=\"455\" src=\"https:\/\/www.reduzierrohre.de\/wp-content\/uploads\/2019\/04\/Beschriftung-auf-Reduzierrohr-1024x455.jpg\" alt=\"\" class=\"wp-image-911\" srcset=\"https:\/\/www.reduzierrohre.de\/wp-content\/uploads\/2019\/04\/Beschriftung-auf-Reduzierrohr-1024x455.jpg 1024w, https:\/\/www.reduzierrohre.de\/wp-content\/uploads\/2019\/04\/Beschriftung-auf-Reduzierrohr-300x133.jpg 300w, https:\/\/www.reduzierrohre.de\/wp-content\/uploads\/2019\/04\/Beschriftung-auf-Reduzierrohr-768x342.jpg 768w, https:\/\/www.reduzierrohre.de\/wp-content\/uploads\/2019\/04\/Beschriftung-auf-Reduzierrohr.jpg 1893w\" sizes=\"(max-width: 1024px) 100vw, 1024px\" \/><\/figure>\n<\/div>\n<\/div>\n\n\n\n<hr class=\"wp-block-separator\"\/>\n\n\n\n<div class=\"wp-block-columns has-2-columns\">\n<div class=\"wp-block-column\">\n<h3><strong>Modificaci\u00f3n individual<\/strong><\/h3>\n\n\n\n<p>Prolongaciones hacia el cargador de barras o el mandril, opciones de fijaci\u00f3n alternativas u otros requisitos individuales. Estaremos encantados de dise\u00f1ar la soluci\u00f3n que necesite. <\/p>\n<\/div>\n\n\n\n<div class=\"wp-block-column\">\n<figure class=\"wp-block-image\"><img loading=\"lazy\" width=\"1024\" height=\"354\" src=\"https:\/\/www.reduzierrohre.de\/wp-content\/uploads\/2019\/04\/Normal-Verla\u0308ngert-1024x354.jpg\" alt=\"\" class=\"wp-image-912\" srcset=\"https:\/\/www.reduzierrohre.de\/wp-content\/uploads\/2019\/04\/Normal-Verla\u0308ngert-1024x354.jpg 1024w, https:\/\/www.reduzierrohre.de\/wp-content\/uploads\/2019\/04\/Normal-Verla\u0308ngert-300x104.jpg 300w, https:\/\/www.reduzierrohre.de\/wp-content\/uploads\/2019\/04\/Normal-Verla\u0308ngert-768x265.jpg 768w, https:\/\/www.reduzierrohre.de\/wp-content\/uploads\/2019\/04\/Normal-Verla\u0308ngert.jpg 1606w\" sizes=\"(max-width: 1024px) 100vw, 1024px\" \/><\/figure>\n<\/div>\n<\/div>\n\n\n\n<hr class=\"wp-block-separator\"\/>\n\n\n\n<div class=\"wp-block-columns has-2-columns\">\n<div class=\"wp-block-column\">\n<h3><strong>Tubos maestros<\/strong><\/h3>\n\n\n\n<p>El tubo maestro solo se necesita una vez y est\u00e1 equipado con diferentes casquillos reductores seg\u00fan sea necesario. Con los casquillos reductores se pueden realizar todas las medidas intermedias y tambi\u00e9n perfiles especiales (p. ej., cuadrado).<\/p>\n<\/div>\n\n\n\n<div class=\"wp-block-column\">\n<figure class=\"wp-block-image\"><img loading=\"lazy\" width=\"1024\" height=\"297\" src=\"https:\/\/www.reduzierrohre.de\/wp-content\/uploads\/2019\/04\/Wechseleinsa\u0308tze-1024x297.jpg\" alt=\"\" class=\"wp-image-913\" srcset=\"https:\/\/www.reduzierrohre.de\/wp-content\/uploads\/2019\/04\/Wechseleinsa\u0308tze-1024x297.jpg 1024w, https:\/\/www.reduzierrohre.de\/wp-content\/uploads\/2019\/04\/Wechseleinsa\u0308tze-300x87.jpg 300w, https:\/\/www.reduzierrohre.de\/wp-content\/uploads\/2019\/04\/Wechseleinsa\u0308tze-768x223.jpg 768w, https:\/\/www.reduzierrohre.de\/wp-content\/uploads\/2019\/04\/Wechseleinsa\u0308tze.jpg 1421w\" sizes=\"(max-width: 1024px) 100vw, 1024px\" \/><\/figure>\n<\/div>\n<\/div>\n\n\n\n<hr class=\"wp-block-separator\"\/>\n\n\n\n<div class=\"wp-block-columns has-2-columns\">\n<div class=\"wp-block-column\">\n<h3><strong>Sistema de fijaci\u00f3n con sujeci\u00f3n independiente<\/strong><\/h3>\n\n\n\n<p>Recomendamos un anillo de sujeci\u00f3n independiente para un mejor montaje y almacenamiento. El anillo de sujeci\u00f3n solo se necesita una vez por m\u00e1quina y, despu\u00e9s, se adapta a todos los dem\u00e1s tubos reductores de la m\u00e1quina.<\/p>\n<\/div>\n\n\n\n<div class=\"wp-block-column\">\n<figure class=\"wp-block-image\"><img loading=\"lazy\" width=\"1024\" height=\"725\" src=\"https:\/\/www.reduzierrohre.de\/wp-content\/uploads\/2019\/04\/Vergleich-Klemmung2-1-1024x725.jpg\" alt=\"\" class=\"wp-image-1082\" srcset=\"https:\/\/www.reduzierrohre.de\/wp-content\/uploads\/2019\/04\/Vergleich-Klemmung2-1-1024x725.jpg 1024w, https:\/\/www.reduzierrohre.de\/wp-content\/uploads\/2019\/04\/Vergleich-Klemmung2-1-300x212.jpg 300w, https:\/\/www.reduzierrohre.de\/wp-content\/uploads\/2019\/04\/Vergleich-Klemmung2-1-768x544.jpg 768w, https:\/\/www.reduzierrohre.de\/wp-content\/uploads\/2019\/04\/Vergleich-Klemmung2-1.jpg 1171w\" sizes=\"(max-width: 1024px) 100vw, 1024px\" \/><\/figure>\n\n\n\n<p><\/p>\n<\/div>\n<\/div>\n\n\n\n<hr class=\"wp-block-separator\"\/>\n\n\n\n<div class=\"wp-block-columns has-2-columns\">\n<div class=\"wp-block-column\">\n<h3><strong>Tubos reductores de varias piezas<\/strong><\/h3>\n\n\n\n<p>No importa si se trata de un husillo principal especialmente largo, el uso en una m\u00e1quina multihusillo o si sus instalaciones lo requieren. Estos problemas tambi\u00e9n se pueden resolver utilizando nuestro sistema enchufable.<\/p>\n<\/div>\n\n\n\n<div class=\"wp-block-column\">\n<figure class=\"wp-block-image\"><img loading=\"lazy\" width=\"1024\" height=\"607\" src=\"https:\/\/www.reduzierrohre.de\/wp-content\/uploads\/2019\/04\/Mehrteilig-1024x607.jpg\" alt=\"\" class=\"wp-image-915\" srcset=\"https:\/\/www.reduzierrohre.de\/wp-content\/uploads\/2019\/04\/Mehrteilig-1024x607.jpg 1024w, https:\/\/www.reduzierrohre.de\/wp-content\/uploads\/2019\/04\/Mehrteilig-300x178.jpg 300w, https:\/\/www.reduzierrohre.de\/wp-content\/uploads\/2019\/04\/Mehrteilig-768x455.jpg 768w, https:\/\/www.reduzierrohre.de\/wp-content\/uploads\/2019\/04\/Mehrteilig.jpg 1448w\" sizes=\"(max-width: 1024px) 100vw, 1024px\" \/><\/figure>\n<\/div>\n<\/div>\n\n\n\n<hr class=\"wp-block-separator\"\/>\n\n\n\n<div class=\"wp-block-columns has-2-columns\">\n<div class=\"wp-block-column\">\n<h3><strong>Acabado superficial<\/strong><\/h3>\n\n\n\n<p>Acabado superficial opcional mediante galvanizado electrol\u00edtico (alta protecci\u00f3n anticorrosiva) o pavonado (protecci\u00f3n anticorrosiva media).<\/p>\n<\/div>\n\n\n\n<div class=\"wp-block-column\">\n<figure class=\"wp-block-image\"><img loading=\"lazy\" width=\"1024\" height=\"798\" src=\"https:\/\/www.reduzierrohre.de\/wp-content\/uploads\/2019\/04\/Verzinkt-Br\u00fcniert-1024x798.jpg\" alt=\"\" class=\"wp-image-1084\" srcset=\"https:\/\/www.reduzierrohre.de\/wp-content\/uploads\/2019\/04\/Verzinkt-Br\u00fcniert-1024x798.jpg 1024w, https:\/\/www.reduzierrohre.de\/wp-content\/uploads\/2019\/04\/Verzinkt-Br\u00fcniert-300x234.jpg 300w, https:\/\/www.reduzierrohre.de\/wp-content\/uploads\/2019\/04\/Verzinkt-Br\u00fcniert-768x599.jpg 768w, https:\/\/www.reduzierrohre.de\/wp-content\/uploads\/2019\/04\/Verzinkt-Br\u00fcniert.jpg 1832w\" sizes=\"(max-width: 1024px) 100vw, 1024px\" \/><\/figure>\n<\/div>\n<\/div>\n\n\n\n<hr class=\"wp-block-separator\"\/>\n\n\n\n<div class=\"wp-block-columns has-2-columns\">\n<div class=\"wp-block-column\">\n<h3><strong>Perfiles de barras soportados<\/strong><\/h3>\n\n\n\n<p>Ya sea material redondo, cuadrado o hexagonal: con nuestras soluciones, usted puede guiar y mecanizar todo el material de la barra con un ajuste perfecto.<\/p>\n<\/div>\n\n\n\n<div class=\"wp-block-column\">\n<figure class=\"wp-block-image\"><img loading=\"lazy\" width=\"1024\" height=\"421\" src=\"https:\/\/www.reduzierrohre.de\/wp-content\/uploads\/2019\/04\/Profile-1024x421.jpg\" alt=\"\" class=\"wp-image-917\" srcset=\"https:\/\/www.reduzierrohre.de\/wp-content\/uploads\/2019\/04\/Profile-1024x421.jpg 1024w, https:\/\/www.reduzierrohre.de\/wp-content\/uploads\/2019\/04\/Profile-300x123.jpg 300w, https:\/\/www.reduzierrohre.de\/wp-content\/uploads\/2019\/04\/Profile-768x316.jpg 768w, https:\/\/www.reduzierrohre.de\/wp-content\/uploads\/2019\/04\/Profile.jpg 1649w\" sizes=\"(max-width: 1024px) 100vw, 1024px\" \/><\/figure>\n<\/div>\n<\/div>\n\n\n\n<hr class=\"wp-block-separator\"\/>\n\n\n\n<h2><strong>Accesorios<\/strong><\/h2>\n\n\n\n<hr class=\"wp-block-separator\"\/>\n\n\n\n<div class=\"wp-block-columns has-2-columns\">\n<div class=\"wp-block-column\">\n<h3><strong>Sistemas de almacenamiento<\/strong><\/h3>\n\n\n\n<p>Nuestro soporte de tubos reductores con compensaci\u00f3n de nivel sirve para almacenar de forma sencilla y ahorrando espacio hasta diez tubos reductores de un mismo tipo.<\/p>\n\n\n\n<p>(Ahora tambi\u00e9n con montaje en pared.)<\/p>\n<\/div>\n\n\n\n<div class=\"wp-block-column\">\n<figure class=\"wp-block-image\"><img loading=\"lazy\" width=\"571\" height=\"522\" src=\"https:\/\/www.reduzierrohre.de\/wp-content\/uploads\/2019\/11\/BeideSt\u00e4nder.png\" alt=\"\" class=\"wp-image-1288\" srcset=\"https:\/\/www.reduzierrohre.de\/wp-content\/uploads\/2019\/11\/BeideSt\u00e4nder.png 571w, https:\/\/www.reduzierrohre.de\/wp-content\/uploads\/2019\/11\/BeideSt\u00e4nder-300x274.png 300w\" sizes=\"(max-width: 571px) 100vw, 571px\" \/><\/figure>\n\n\n\n<p><\/p>\n<\/div>\n<\/div>\n\n\n\n<hr class=\"wp-block-separator\"\/>\n\n\n\n<div class=\"wp-block-columns has-2-columns\">\n<div class=\"wp-block-column\">\n<h3><strong>Bandejas colectoras de refrigerante<\/strong><\/h3>\n\n\n\n<p>El uso de bandejas colectoras de refrigerante se devuelve al recipiente colector el refrigerante que se escapa. Su uso est\u00e1 especialmente recomendado si se utilizan tubos reductores prolongados.<\/p>\n<\/div>\n\n\n\n<div class=\"wp-block-column\">\n<figure class=\"wp-block-image is-resized\"><img loading=\"lazy\" src=\"https:\/\/www.reduzierrohre.de\/wp-content\/uploads\/2019\/04\/Ku\u0308hlmittelauffang.jpg\" alt=\"\" class=\"wp-image-924\" width=\"379\" height=\"282\" srcset=\"https:\/\/www.reduzierrohre.de\/wp-content\/uploads\/2019\/04\/Ku\u0308hlmittelauffang.jpg 918w, https:\/\/www.reduzierrohre.de\/wp-content\/uploads\/2019\/04\/Ku\u0308hlmittelauffang-200x150.jpg 200w, https:\/\/www.reduzierrohre.de\/wp-content\/uploads\/2019\/04\/Ku\u0308hlmittelauffang-300x224.jpg 300w, https:\/\/www.reduzierrohre.de\/wp-content\/uploads\/2019\/04\/Ku\u0308hlmittelauffang-768x572.jpg 768w\" sizes=\"(max-width: 379px) 100vw, 379px\" \/><\/figure>\n<\/div>\n<\/div>\n\n\n\n<hr class=\"wp-block-separator\"\/>\n\n\n\n<div class=\"wp-block-columns has-2-columns\">\n<div class=\"wp-block-column\">\n<h3><strong>Tubos de tracci\u00f3n<\/strong><\/h3>\n\n\n\n<p>\u00bfTiene problemas con el tubo de tracci\u00f3n del husillo? Reparamos, dise\u00f1amos o fabricamos seg\u00fan sus necesidades. Como una alternativa econ\u00f3mica, redu tools tambi\u00e9n le asiste como proveedor de sistemas en materia de piezas de repuesto.<\/p>\n<\/div>\n\n\n\n<div class=\"wp-block-column\">\n<figure class=\"wp-block-image is-resized\"><img loading=\"lazy\" src=\"https:\/\/www.reduzierrohre.de\/wp-content\/uploads\/2019\/04\/Zugrohr-1024x688.jpg\" alt=\"\" class=\"wp-image-926\" width=\"386\" height=\"259\" srcset=\"https:\/\/www.reduzierrohre.de\/wp-content\/uploads\/2019\/04\/Zugrohr-1024x688.jpg 1024w, https:\/\/www.reduzierrohre.de\/wp-content\/uploads\/2019\/04\/Zugrohr-300x202.jpg 300w, https:\/\/www.reduzierrohre.de\/wp-content\/uploads\/2019\/04\/Zugrohr-768x516.jpg 768w, https:\/\/www.reduzierrohre.de\/wp-content\/uploads\/2019\/04\/Zugrohr.jpg 1217w\" sizes=\"(max-width: 386px) 100vw, 386px\" \/><\/figure>\n<\/div>\n<\/div>\n<\/div><\/div>\n\n\n\n<p><\/p>\n","protected":false},"excerpt":{"rendered":"","protected":false},"author":1,"featured_media":0,"parent":19,"menu_order":21,"comment_status":"closed","ping_status":"closed","template":"","meta":[],"_links":{"self":[{"href":"https:\/\/www.reduzierrohre.de\/es\/wp-json\/wp\/v2\/pages\/403"}],"collection":[{"href":"https:\/\/www.reduzierrohre.de\/es\/wp-json\/wp\/v2\/pages"}],"about":[{"href":"https:\/\/www.reduzierrohre.de\/es\/wp-json\/wp\/v2\/types\/page"}],"author":[{"embeddable":true,"href":"https:\/\/www.reduzierrohre.de\/es\/wp-json\/wp\/v2\/users\/1"}],"replies":[{"embeddable":true,"href":"https:\/\/www.reduzierrohre.de\/es\/wp-json\/wp\/v2\/comments?post=403"}],"version-history":[{"count":71,"href":"https:\/\/www.reduzierrohre.de\/es\/wp-json\/wp\/v2\/pages\/403\/revisions"}],"predecessor-version":[{"id":1327,"href":"https:\/\/www.reduzierrohre.de\/es\/wp-json\/wp\/v2\/pages\/403\/revisions\/1327"}],"up":[{"embeddable":true,"href":"https:\/\/www.reduzierrohre.de\/es\/wp-json\/wp\/v2\/pages\/19"}],"wp:attachment":[{"href":"https:\/\/www.reduzierrohre.de\/es\/wp-json\/wp\/v2\/media?parent=403"}],"curies":[{"name":"wp","href":"https:\/\/api.w.org\/{rel}","templated":true}]}}