{"id":21,"date":"2014-05-14T15:38:51","date_gmt":"2014-05-14T13:38:51","guid":{"rendered":"https:\/\/www.reduzierrohre.de\/?page_id=21"},"modified":"2019-11-27T10:50:32","modified_gmt":"2019-11-27T08:50:32","slug":"vorteile","status":"publish","type":"page","link":"https:\/\/www.reduzierrohre.de\/es\/vorteile\/","title":{"rendered":"Ventajas"},"content":{"rendered":"\n<div class=\"wp-block-impuls-additional-containers-section  has-no-text-color has-light-gray-background-color has-background-color has-no-background-image vorteile\" style=\"background-image:none\"><div class=\"InnerContent\">\n<table class=\"wp-block-table vorteile-table\">\n   <tbody>\n      <tr>\n         <td><\/td>\n         <td>redutools<\/td>\n         <td>Fabricante de m\u00e1quinas<\/span><\/td>\n         <td>Producci\u00f3n propia<\/td>\n      <\/tr>\n      <tr>\n         <td>Precio\/costes<\/td>\n         <td><i class=\"icon-star-solid gold\"><i class=\"icon-star-solid gold\"><i class=\"icon-star-solid gold\"><\/td>\n         <td><i class=\"icon-star-solid gray\"><\/i><\/td>\n         <td><i class=\"icon-star-solid gray\"><\/i><\/td>\n      <\/tr>\n      <tr>\n         <td>Calidad<\/td>\n         <td><i class=\"icon-star-solid gold\"><i class=\"icon-star-solid gold\"><i class=\"icon-star-solid gold\"><\/td>\n         <td><i class=\"icon-star-solid gray\"><\/i><i class=\"icon-star-solid gray\"><\/i><\/td>\n         <td>?<\/td>\n      <\/tr>\n      <tr>\n         <td>Tiempo de entrega\/eficiencia<\/td>\n         <td><i class=\"icon-star-solid gold\"><i class=\"icon-star-solid gold\"><i class=\"icon-star-solid gold\"><\/td>\n         <td><i class=\"icon-star-solid gray\"><\/i><\/td>\n         <td>?<\/td>\n      <\/tr>\n      <tr>\n         <td>Variedad de productos<\/td>\n         <td><i class=\"icon-star-solid gold\"><i class=\"icon-star-solid gold\"><i class=\"icon-star-solid gold\"><\/td>\n         <td><i class=\"icon-star-solid gray\"><\/i><\/td>\n         <td>?<\/td>\n      <\/tr>\n      <tr>\n         <td>Garant\u00eda<\/td>\n         <td><i class=\"icon-star-solid gold\"><i class=\"icon-star-solid gold\"><i class=\"icon-star-solid gold\"><\/td>\n         <td>?<\/td>\n         <td>&#8211;<\/td>\n      <\/tr>\n      <tr>\n         <td>Asistencia<\/td>\n         <td><i class=\"icon-star-solid gold\"><i class=\"icon-star-solid gold\"><i class=\"icon-star-solid gold\"><\/td>\n         <td>?<\/td>\n         <td>&#8211;<\/td>\n      <\/tr>\n   <\/tbody>\n<\/table>\n\n\n\n<p><\/p>\n<\/div><\/div>\n\n\n\n<div class=\"wp-block-impuls-additional-containers-section  has-no-text-color has-no-background-color has-no-background-image\" style=\"background-image:none\"><div class=\"InnerContent\">\n<h2 style=\"text-align:center\"><strong>PRECIOS<\/strong><\/h2>\n\n\n\n<div class=\"wp-block-columns has-2-columns\">\n<div class=\"wp-block-column\">\n<p>Casi ning\u00fan <strong>fabricante de m\u00e1quinas<\/strong> fabrica por s\u00ed mismo reductores de husillo. Se suelen comprar y revender en ocasiones con recargos considerables. Incluso en la <strong>producci\u00f3n propia<\/strong> de tubos gu\u00eda individuales, es dif\u00edcil ahorrar costes: Debido al tiempo, la mano de obra y al gasto en materiales para el dise\u00f1o, la producci\u00f3n individual y los altos costes de adquisici\u00f3n de los materiales de partida necesarios, muy raramente es posible realizar soluciones econ\u00f3micas. <br><\/p>\n<\/div>\n\n\n\n<div class=\"wp-block-column\">\n<p>En <strong>redu tools<\/strong>, la compra de los materiales de partida necesarios se realiza en grandes cantidades. La mayor\u00eda de los componentes de los reductores de husillo se fabrican en serie.\u00a0Todos los procesos est\u00e1n adaptados para la producci\u00f3n de reductores de husillo. Las ventajas de los costes derivados se las transmitimos a nuestros clientes.<\/p>\n<\/div>\n<\/div>\n<\/div><\/div>\n\n\n\n<hr class=\"wp-block-separator\"\/>\n\n\n\n<div class=\"wp-block-impuls-additional-containers-section  has-no-text-color has-no-background-color has-no-background-image\" style=\"background-image:none\"><div class=\"InnerContent\">\n<h2 style=\"text-align:center\"><strong>CALIDAD<\/strong><\/h2>\n\n\n\n<div class=\"wp-block-columns has-2-columns\">\n<div class=\"wp-block-column\">\n<p>Para los <strong>fabricantes de m\u00e1quinas<\/strong>, la calidad de sus m\u00e1quinas es su m\u00e1xima prioridad. Sin embargo, accesorios como, por ejemplo, tubos de inserci\u00f3n de husillo, son considerados a menudo como \u00abmercanc\u00eda B\u00bb. <strong>redu tools<\/strong>, por su parte, est\u00e1 especializada en el dise\u00f1o y fabricaci\u00f3n de reductores de husillo.<\/p>\n<\/div>\n\n\n\n<div class=\"wp-block-column\">\n<p>En m\u00e1s de 30 a\u00f1os de experiencia en el dise\u00f1o y la fabricaci\u00f3n, hemos adquirido un amplio conocimiento y, por lo tanto, sabemos qu\u00e9 es importante con los tubos reductores. Adem\u00e1s, desarrollamos continuamente nuevas soluciones t\u00e9cnicas. Por lo que puede estar seguro de que redu tools le proporcionar\u00e1 soluciones probadas en la pr\u00e1ctica de la m\u00e1s alta calidad y fiabilidad.<\/p>\n<\/div>\n<\/div>\n<\/div><\/div>\n\n\n\n<hr class=\"wp-block-separator\"\/>\n\n\n\n<div class=\"wp-block-impuls-additional-containers-section  has-no-text-color has-no-background-color has-no-background-image\" style=\"background-image:none\"><div class=\"InnerContent\">\n<h2 style=\"text-align:center\"><strong>TIEMPOS DE ENTREGA Y EFICIENCIA<\/strong><\/h2>\n\n\n\n<div class=\"wp-block-columns has-2-columns\">\n<div class=\"wp-block-column\">\n<p><strong>Cuando el tiempo apremia: \u00a1redu tools! <\/strong>Dado que los\u00a0<strong>fabricantes de m\u00e1quinas<\/strong> suelen comprar tubos reductores, debe contar con plazos de entrega m\u00e1s largos debido a la log\u00edstica necesaria. En el caso de <strong>producci\u00f3n propia<\/strong>, los materiales necesarios no suelen estar f\u00e1cilmente disponibles. Antes de que el tubo de inserci\u00f3n de husillo est\u00e9 disponible, primero se debe realizar el dise\u00f1o, adquirir el material de partida y mecanizarlo. <\/p>\n<\/div>\n\n\n\n<div class=\"wp-block-column\">\n<p><strong>redu tools<\/strong> le garantiza un plazo de entrega corto (normalmente de dos d\u00edas) de casi todos los tipos gracias al almacenamiento de todos los materiales de partida necesarios, as\u00ed como de los componentes acabados y semiacabados. <a href=\"https:\/\/www.reduzierrohre.de\/es\/kontakt\/\">\u00a1P\u00f3ngase en contacto con nosotros!<\/a><\/p>\n<\/div>\n<\/div>\n<\/div><\/div>\n\n\n\n<hr class=\"wp-block-separator\"\/>\n\n\n\n<div class=\"wp-block-impuls-additional-containers-section  has-no-text-color has-no-background-color has-no-background-image\" style=\"background-image:none\"><div class=\"InnerContent\">\n<h2 style=\"text-align:center\"><strong>VARIEDAD DE PRODUCTOS<\/strong><\/h2>\n\n\n\n<div class=\"wp-block-columns has-2-columns\">\n<div class=\"wp-block-column\">\n<p>Por lo general, los <strong>fabricantes de m\u00e1quinas<\/strong> solo cuentan con reducciones est\u00e1ndar en su gama de productos. En el caso de <strong>producci\u00f3n propia<\/strong>, el tubo gu\u00eda necesario se suele fabricar de la forma m\u00e1s simple posible. <strong>redu tools<\/strong> produce tubos gu\u00eda para casi todas las m\u00e1quinas de casi todos los fabricantes. Nuestra oferta incluye&#8230;<\/p>\n\n\n\n<ul><li>Reducciones est\u00e1ndar con di\u00e1metros interiores en pasos de 1 mm<\/li><li>Anchuras libres con dimensiones intermedias (p. ej., \u00d8 40,5 mm) para una marcha especialmente silenciosa<\/li><li>Variantes ampliadas (tanto en el lado del mandril como en el de la pinza)<\/li><\/ul>\n<\/div>\n\n\n\n<div class=\"wp-block-column\">\n<ul><li>Reducciones con sujeci\u00f3n integrada o con anillo de sujeci\u00f3n independiente<\/li><li>Tubos de inserci\u00f3n de husillo con casquillos de pl\u00e1stico y anillos distanciadores para una gu\u00eda especialmente estrecha o para barras con superficies sensibles<\/li><li>Tubos gu\u00eda de varias piezas si no existe suficiente espacio disponible para el montaje y desmontaje por razones estructurales<\/li><li>Reducciones de husillo protegidas contra la corrosi\u00f3n (p. ej. por pasivaci\u00f3n).<\/li><\/ul>\n<\/div>\n<\/div>\n<\/div><\/div>\n\n\n\n<hr class=\"wp-block-separator\"\/>\n\n\n\n<div class=\"wp-block-impuls-additional-containers-section  has-no-text-color has-no-background-color has-no-background-image\" style=\"background-image:none\"><div class=\"InnerContent\">\n<div class=\"wp-block-columns has-2-columns\">\n<div class=\"wp-block-column\">\n<h2 style=\"text-align:center\" id=\"guarantee\"><strong>GARANT\u00cdA<\/strong><\/h2>\n\n\n\n<p>Los <strong>fabricantes de m\u00e1quinas<\/strong> ofrecen la garant\u00eda legal y en el caso de <strong>producciones propias<\/strong> se anula el derecho de garant\u00eda. En cambio, <strong>redu tools<\/strong>\u00a0ofrece una garant\u00eda de 10 a\u00f1os para sus productos est\u00e1ndar.<\/p>\n<\/div>\n\n\n\n<div class=\"wp-block-column\">\n<h2 style=\"text-align:center\"><strong>ASISTENCIA<\/strong><\/h2>\n\n\n\n<p>Los <strong>fabricantes de m\u00e1quinas<\/strong> generalmente no ofrecen ning\u00fan tipo de asistencia para los tubos reductores ya que se tratan como accesorios adquiridos por separado. Lo mismo sucede con la <strong>producci\u00f3n propia<\/strong>. <strong>redu tools<\/strong> responde a todas sus preguntas sobre los tubos de inserci\u00f3n de husillo y le ayudan a seleccionar el tubo gu\u00eda adecuado. Si necesita un dise\u00f1o especial, nosotros lo dise\u00f1amos de manera gratuita. <a href=\"https:\/\/www.reduzierrohre.de\/es\/kontakt\/\">\u00a1P\u00f3ngase en contacto con nosotros!<\/a><\/p>\n<\/div>\n<\/div>\n<\/div><\/div>\n","protected":false},"excerpt":{"rendered":"","protected":false},"author":1,"featured_media":0,"parent":0,"menu_order":30,"comment_status":"closed","ping_status":"open","template":"","meta":[],"_links":{"self":[{"href":"https:\/\/www.reduzierrohre.de\/es\/wp-json\/wp\/v2\/pages\/21"}],"collection":[{"href":"https:\/\/www.reduzierrohre.de\/es\/wp-json\/wp\/v2\/pages"}],"about":[{"href":"https:\/\/www.reduzierrohre.de\/es\/wp-json\/wp\/v2\/types\/page"}],"author":[{"embeddable":true,"href":"https:\/\/www.reduzierrohre.de\/es\/wp-json\/wp\/v2\/users\/1"}],"replies":[{"embeddable":true,"href":"https:\/\/www.reduzierrohre.de\/es\/wp-json\/wp\/v2\/comments?post=21"}],"version-history":[{"count":74,"href":"https:\/\/www.reduzierrohre.de\/es\/wp-json\/wp\/v2\/pages\/21\/revisions"}],"predecessor-version":[{"id":1331,"href":"https:\/\/www.reduzierrohre.de\/es\/wp-json\/wp\/v2\/pages\/21\/revisions\/1331"}],"wp:attachment":[{"href":"https:\/\/www.reduzierrohre.de\/es\/wp-json\/wp\/v2\/media?parent=21"}],"curies":[{"name":"wp","href":"https:\/\/api.w.org\/{rel}","templated":true}]}}